{"id":21294,"date":"2026-02-20T16:45:52","date_gmt":"2026-02-20T13:45:52","guid":{"rendered":"https:\/\/dovanuska.lt\/?post_type=product&#038;p=21294"},"modified":"2026-04-18T02:28:20","modified_gmt":"2026-04-17T23:28:20","slug":"drakoniukas-su-kiausiniu-zaibas","status":"publish","type":"product","link":"https:\/\/dovanuska.lt\/en\/drakoniukas-su-kiausiniu-zaibas\/","title":{"rendered":"Drakoniukas su kiau\u0161iniu &#8220;\u017daibas&#8221;"},"content":{"rendered":"<p data-start=\"72\" data-end=\"359\">Tai mielas ir \u017eaismingas ma\u017easis drakonas, sukurtas Jus prad\u017eiuginti. \u0160is 3D spausdintas drakonas i\u0161siskiria \u0161velniomis formomis, detaliu dizainu ir \u017eaibo akcentu, suteikian\u010diu jam ypatingo jaukumo, \u017eaismingumo bei emocijos.<\/p>\n<p data-start=\"361\" data-end=\"623\">Drakoniukas &#8220;\u017daibas&#8221; puikiai tinka kaip nedidel\u0117 dovana, mielas stalo ar lentynos papuo\u0161imas. D\u0117l vientisos formos ir tvirtos konstrukcijos drakonas yra malonus laikyti rankoje ir saugus kasdieniam naudojimui.<\/p>\n<p><strong>Rinkinyje rasite:<\/strong><\/p>\n<p>1 vnt. Drakoniuk\u0105 (10 x 8 x 2,5 cm)<\/p>\n<p>1 vnt. Kiau\u0161in\u012f (9 x 10 cm)<\/p>\n<p data-start=\"33\" data-end=\"259\">Pagaminta Lietuvoje \ud83c\uddf1\ud83c\uddf9<\/p>\n<p>Pagamintas i\u0161 saugaus PLA plastiko.<\/p>\n<p>Nerekomenduojama vaikams iki 14 met\u0173 d\u0117l smulki\u0173 detali\u0173.<\/p>","protected":false},"excerpt":{"rendered":"<p>\u0160is mielas ir \u017eaismingas 3D drakoniukas su kiau\u0161iniu &#8220;\u017daibas&#8221;, sukurtas Jus prad\u017eiuginti. 3D spausdintas drakoniukas i\u0161siskiria \u0161velniomis formomis ir detaliu dizainu.<\/p>","protected":false},"featured_media":21295,"comment_status":"open","ping_status":"closed","template":"","meta":[],"product_brand":[339],"product_cat":[276,277,342],"product_tag":[],"class_list":{"0":"post-21294","1":"product","2":"type-product","3":"status-publish","4":"has-post-thumbnail","6":"product_brand-wobzi","7":"product_cat-ivairus-zaislai","8":"product_cat-ivairus-zaislai-zaidimai-ir-zaislai","9":"product_cat-velykoms","11":"first","12":"instock","13":"shipping-taxable","14":"purchasable","15":"product-type-simple"},"_links":{"self":[{"href":"https:\/\/dovanuska.lt\/en\/wp-json\/wp\/v2\/product\/21294","targetHints":{"allow":["GET"]}}],"collection":[{"href":"https:\/\/dovanuska.lt\/en\/wp-json\/wp\/v2\/product"}],"about":[{"href":"https:\/\/dovanuska.lt\/en\/wp-json\/wp\/v2\/types\/product"}],"replies":[{"embeddable":true,"href":"https:\/\/dovanuska.lt\/en\/wp-json\/wp\/v2\/comments?post=21294"}],"version-history":[{"count":5,"href":"https:\/\/dovanuska.lt\/en\/wp-json\/wp\/v2\/product\/21294\/revisions"}],"predecessor-version":[{"id":21332,"href":"https:\/\/dovanuska.lt\/en\/wp-json\/wp\/v2\/product\/21294\/revisions\/21332"}],"wp:featuredmedia":[{"embeddable":true,"href":"https:\/\/dovanuska.lt\/en\/wp-json\/wp\/v2\/media\/21295"}],"wp:attachment":[{"href":"https:\/\/dovanuska.lt\/en\/wp-json\/wp\/v2\/media?parent=21294"}],"wp:term":[{"taxonomy":"product_brand","embeddable":true,"href":"https:\/\/dovanuska.lt\/en\/wp-json\/wp\/v2\/product_brand?post=21294"},{"taxonomy":"product_cat","embeddable":true,"href":"https:\/\/dovanuska.lt\/en\/wp-json\/wp\/v2\/product_cat?post=21294"},{"taxonomy":"product_tag","embeddable":true,"href":"https:\/\/dovanuska.lt\/en\/wp-json\/wp\/v2\/product_tag?post=21294"}],"curies":[{"name":"wp","href":"https:\/\/api.w.org\/{rel}","templated":true}]}}