{"id":20851,"date":"2025-11-12T21:26:46","date_gmt":"2025-11-12T18:26:46","guid":{"rendered":"https:\/\/dovanuska.lt\/?post_type=product&#038;p=20851"},"modified":"2026-04-16T02:20:31","modified_gmt":"2026-04-15T23:20:31","slug":"kaledinis-dovanu-rinkinys-seneliui","status":"publish","type":"product","link":"https:\/\/dovanuska.lt\/en\/kaledinis-dovanu-rinkinys-seneliui\/","title":{"rendered":"Kal\u0117dinis dovan\u0173 rinkinys Seneliui"},"content":{"rendered":"<p>Padovanokite \u0161ilumos ir nuo\u0161irdumo savo brangiausiam Seneliui! \u0160is jaukus kal\u0117dinis dovan\u0173 rinkinys sukurtas su meile, kad primint\u0173 apie \u0161eimos artum\u0105 ir \u0161ventin\u0119 dvasi\u0105.<\/p>\n<p><strong>Rinkinyje rasite:<\/strong><\/p>\n<ul>\n<li>\ud83e\udde1 Puodel\u012f Seneliui;<\/li>\n<li>\ud83c\udf32 Kal\u0117din\u012f medin\u012f eglut\u0117s \u017eaisliuk\u0105 \u2013 miel\u0105 \u0161ventin\u012f akcent\u0105 namams.<\/li>\n<\/ul>\n<p>Puikus pasirinkimas dovanai po eglute ar kaip d\u0117mesio i\u0161rai\u0161ka mylimam seneliui. Supakuota dovan\u0173 d\u0117\u017eut\u0117je \u2013 pasiruo\u0161usi d\u017eiuginti i\u0161 karto!<\/p>\n<p>&nbsp;<\/p>\n<p>SVARBU! Rinkin\u012f u\u017esakant su siuntimu, prie\u0161 dovanojant rekomenduojame i\u0161pakuoti ir gra\u017eiai sud\u0117lioti rinkinio turin\u012f. D\u0117l saugumo sumetim\u0173, rinkinio prek\u0117s siun\u010diamos supakuotos \u012f specialias pakavimo med\u017eiagas. Dovan\u0173 rinkinio viduje yra pakavimo popierius arba ekologi\u0161kos med\u017eio dro\u017el\u0117s. Parenkama atsitiktinai.<\/p>","protected":false},"excerpt":{"rendered":"<p>\u0160is jaukus Kal\u0117dinis dovan\u0173 rinkinys Seneliui sukurtas su meile, kad primint\u0173 apie \u0161eimos artum\u0105 ir \u0161ventin\u0119 dvasi\u0105.<\/p>","protected":false},"featured_media":20852,"comment_status":"open","ping_status":"closed","template":"","meta":[],"product_brand":[75],"product_cat":[321,176,225,82,223],"product_tag":[],"class_list":{"0":"post-20851","1":"product","2":"type-product","3":"status-publish","4":"has-post-thumbnail","6":"product_brand-dovanuska","7":"product_cat-kalediniai-rinkiniai","8":"product_cat-kalediniai-eglutes-zaisliukai","9":"product_cat-kalediniai-eglutes-zaisliukai-kaledos","10":"product_cat-puodeliai","11":"product_cat-puodeliai-ir-gertuves","13":"first","14":"instock","15":"shipping-taxable","16":"purchasable","17":"product-type-simple"},"_links":{"self":[{"href":"https:\/\/dovanuska.lt\/en\/wp-json\/wp\/v2\/product\/20851","targetHints":{"allow":["GET"]}}],"collection":[{"href":"https:\/\/dovanuska.lt\/en\/wp-json\/wp\/v2\/product"}],"about":[{"href":"https:\/\/dovanuska.lt\/en\/wp-json\/wp\/v2\/types\/product"}],"replies":[{"embeddable":true,"href":"https:\/\/dovanuska.lt\/en\/wp-json\/wp\/v2\/comments?post=20851"}],"version-history":[{"count":0,"href":"https:\/\/dovanuska.lt\/en\/wp-json\/wp\/v2\/product\/20851\/revisions"}],"wp:featuredmedia":[{"embeddable":true,"href":"https:\/\/dovanuska.lt\/en\/wp-json\/wp\/v2\/media\/20852"}],"wp:attachment":[{"href":"https:\/\/dovanuska.lt\/en\/wp-json\/wp\/v2\/media?parent=20851"}],"wp:term":[{"taxonomy":"product_brand","embeddable":true,"href":"https:\/\/dovanuska.lt\/en\/wp-json\/wp\/v2\/product_brand?post=20851"},{"taxonomy":"product_cat","embeddable":true,"href":"https:\/\/dovanuska.lt\/en\/wp-json\/wp\/v2\/product_cat?post=20851"},{"taxonomy":"product_tag","embeddable":true,"href":"https:\/\/dovanuska.lt\/en\/wp-json\/wp\/v2\/product_tag?post=20851"}],"curies":[{"name":"wp","href":"https:\/\/api.w.org\/{rel}","templated":true}]}}