{"id":20659,"date":"2025-10-01T08:15:40","date_gmt":"2025-10-01T05:15:40","guid":{"rendered":"https:\/\/dovanuska.lt\/?post_type=product&#038;p=20659"},"modified":"2026-04-15T02:20:15","modified_gmt":"2026-04-14T23:20:15","slug":"sausainiu-formeles-mommy-ir-daddy","status":"publish","type":"product","link":"https:\/\/dovanuska.lt\/en\/sausainiu-formeles-mommy-ir-daddy\/","title":{"rendered":"Mommy and Daddy biscuit moulds"},"content":{"rendered":"<p data-start=\"104\" data-end=\"276\">\u0160ios unikalios sausaini\u0173 formel\u0117s \u2013 puikus pasirinkimas norint nustebinti artimuosius ypatingomis progomis: Motinos dien\u0105, T\u0117vo dien\u0105, gimtadienio ar \u0161eimos \u0161vent\u0117s metu.<\/p>\n<ul data-start=\"278\" data-end=\"572\">\n<li data-start=\"278\" data-end=\"332\">\n<p data-start=\"280\" data-end=\"332\">Rinkin\u012f sudaro <strong data-start=\"295\" data-end=\"309\">2 antspaudai ir 1 formel\u0117 (pjaustykl\u0117).<\/strong><\/p>\n<\/li>\n<li data-start=\"333\" data-end=\"406\">\n<p data-start=\"335\" data-end=\"406\">Pagaminta Lietuvoje, naudojant <strong data-start=\"366\" data-end=\"403\">saug\u0173 PLA plastiko 3D spausdinim\u0105<\/strong>.<\/p>\n<\/li>\n<li data-start=\"407\" data-end=\"497\">\n<p data-start=\"409\" data-end=\"497\"><strong data-start=\"409\" data-end=\"442\">Spalva parenkama atsitiktinai<\/strong>, tod\u0117l ji gali skirtis nuo pavaizduotos nuotraukoje.<\/p>\n<\/li>\n<li data-start=\"498\" data-end=\"572\">\n<p data-start=\"500\" data-end=\"572\">Dyd\u017eio pasirinkime nurodytas <strong data-start=\"529\" data-end=\"569\">ilgiausios formel\u0117s kra\u0161tin\u0117s matmuo<\/strong>.<\/p>\n<\/li>\n<\/ul>\n<p data-start=\"574\" data-end=\"682\">Su \u0161iomis formel\u0117mis kepti sausainiai taps ne tik skan\u016bs, bet ir kupini \u0161ilumos bei \u0161eimyni\u0161kos nuotaikos.<\/p>","protected":false},"excerpt":{"rendered":"<p>\u0160ios unikalios sausaini\u0173 formel\u0117s Mommy ir Daddy \u2013 puikus pasirinkimas norint nustebinti artimuosius ypatingomis progomis: Motinos dien\u0105, T\u0117vo dien\u0105, gimtadienio ar \u0161eimos \u0161vent\u0117s metu.<\/p>","protected":false},"featured_media":20664,"comment_status":"open","ping_status":"closed","template":"","meta":[],"product_brand":[75],"product_cat":[311,221,220,290,219,217],"product_tag":[],"class_list":{"0":"post-20659","1":"product","2":"type-product","3":"status-publish","4":"has-post-thumbnail","6":"product_brand-dovanuska","7":"product_cat-ivairus-uzrasai-sausainiu-formeles-visos-dovanos","8":"product_cat-mamai","9":"product_cat-mamos-diena","10":"product_cat-sausainiu-formeles-visos-dovanos","11":"product_cat-tecio-diena","12":"product_cat-teciui","14":"first","15":"instock","16":"shipping-taxable","17":"purchasable","18":"product-type-variable"},"_links":{"self":[{"href":"https:\/\/dovanuska.lt\/en\/wp-json\/wp\/v2\/product\/20659","targetHints":{"allow":["GET"]}}],"collection":[{"href":"https:\/\/dovanuska.lt\/en\/wp-json\/wp\/v2\/product"}],"about":[{"href":"https:\/\/dovanuska.lt\/en\/wp-json\/wp\/v2\/types\/product"}],"replies":[{"embeddable":true,"href":"https:\/\/dovanuska.lt\/en\/wp-json\/wp\/v2\/comments?post=20659"}],"version-history":[{"count":0,"href":"https:\/\/dovanuska.lt\/en\/wp-json\/wp\/v2\/product\/20659\/revisions"}],"wp:featuredmedia":[{"embeddable":true,"href":"https:\/\/dovanuska.lt\/en\/wp-json\/wp\/v2\/media\/20664"}],"wp:attachment":[{"href":"https:\/\/dovanuska.lt\/en\/wp-json\/wp\/v2\/media?parent=20659"}],"wp:term":[{"taxonomy":"product_brand","embeddable":true,"href":"https:\/\/dovanuska.lt\/en\/wp-json\/wp\/v2\/product_brand?post=20659"},{"taxonomy":"product_cat","embeddable":true,"href":"https:\/\/dovanuska.lt\/en\/wp-json\/wp\/v2\/product_cat?post=20659"},{"taxonomy":"product_tag","embeddable":true,"href":"https:\/\/dovanuska.lt\/en\/wp-json\/wp\/v2\/product_tag?post=20659"}],"curies":[{"name":"wp","href":"https:\/\/api.w.org\/{rel}","templated":true}]}}