{"id":20435,"date":"2025-09-25T14:27:26","date_gmt":"2025-09-25T11:27:26","guid":{"rendered":"https:\/\/dovanuska.lt\/?post_type=product&#038;p=20435"},"modified":"2026-04-15T02:20:09","modified_gmt":"2026-04-14T23:20:09","slug":"sausainiu-formele-kaledu-senelio-maisas","status":"publish","type":"product","link":"https:\/\/dovanuska.lt\/en\/sausainiu-formele-kaledu-senelio-maisas\/","title":{"rendered":"Sausaini\u0173 formel\u0117 Kal\u0117d\u0173 senelio mai\u0161as"},"content":{"rendered":"<p data-start=\"419\" data-end=\"547\">\u0160i sausaini\u0173 formel\u0117 Kal\u0117d\u0173 senelio mai\u0161as \u2013 ne tik pagalbinink\u0117 virtuv\u0117je, bet ir puiki <strong data-start=\"508\" data-end=\"527\">Christmas gift<\/strong> for bakery lovers.<\/p>\n<ul data-start=\"549\" data-end=\"789\">\n<li data-start=\"549\" data-end=\"622\">\n<p data-start=\"551\" data-end=\"622\"><strong data-start=\"551\" data-end=\"574\">Made in Lithuania<\/strong>, using safe 3D printing of PLA plastic.<\/p>\n<\/li>\n<li data-start=\"623\" data-end=\"714\">\n<p data-start=\"625\" data-end=\"714\"><strong data-start=\"625\" data-end=\"667\">The colour of the mould is chosen at random<\/strong>, which may differ from the one shown in the photo.<\/p>\n<\/li>\n<li data-start=\"715\" data-end=\"789\">\n<p data-start=\"717\" data-end=\"789\"><strong data-start=\"717\" data-end=\"739\">In the size selection<\/strong> is the dimension of the longest side of the mould.<\/p>\n<\/li>\n<\/ul>\n<p data-start=\"791\" data-end=\"942\">Puikus pasirinkimas tiems, kurie m\u0117gsta kepti sausainius, dekoruoti kal\u0117dinius kepinius ar ie\u0161ko smagios, prakti\u0161kos ir originalios dovanos \u0161vent\u0117ms.<\/p>","protected":false},"excerpt":{"rendered":"<p>Ie\u0161kote kal\u0117din\u0117s dovanos? Sausaini\u0173 formel\u0117 Kal\u0117d\u0173 senelio mai\u0161as pagaminta Lietuvoje i\u0161 saugaus PLA plastiko. Tinka kepiniams ir \u0161ventin\u0117ms staigmenoms.<\/p>","protected":false},"featured_media":20439,"comment_status":"open","ping_status":"closed","template":"","meta":[],"product_brand":[75],"product_cat":[275,295,290],"product_tag":[],"class_list":{"0":"post-20435","1":"product","2":"type-product","3":"status-publish","4":"has-post-thumbnail","6":"product_brand-dovanuska","7":"product_cat-kaledines-dovanos-ir-dekoracijos","8":"product_cat-kaledos-sausainiu-formeles-visos-dovanos","9":"product_cat-sausainiu-formeles-visos-dovanos","11":"first","12":"instock","13":"shipping-taxable","14":"purchasable","15":"product-type-variable"},"_links":{"self":[{"href":"https:\/\/dovanuska.lt\/en\/wp-json\/wp\/v2\/product\/20435","targetHints":{"allow":["GET"]}}],"collection":[{"href":"https:\/\/dovanuska.lt\/en\/wp-json\/wp\/v2\/product"}],"about":[{"href":"https:\/\/dovanuska.lt\/en\/wp-json\/wp\/v2\/types\/product"}],"replies":[{"embeddable":true,"href":"https:\/\/dovanuska.lt\/en\/wp-json\/wp\/v2\/comments?post=20435"}],"version-history":[{"count":0,"href":"https:\/\/dovanuska.lt\/en\/wp-json\/wp\/v2\/product\/20435\/revisions"}],"wp:featuredmedia":[{"embeddable":true,"href":"https:\/\/dovanuska.lt\/en\/wp-json\/wp\/v2\/media\/20439"}],"wp:attachment":[{"href":"https:\/\/dovanuska.lt\/en\/wp-json\/wp\/v2\/media?parent=20435"}],"wp:term":[{"taxonomy":"product_brand","embeddable":true,"href":"https:\/\/dovanuska.lt\/en\/wp-json\/wp\/v2\/product_brand?post=20435"},{"taxonomy":"product_cat","embeddable":true,"href":"https:\/\/dovanuska.lt\/en\/wp-json\/wp\/v2\/product_cat?post=20435"},{"taxonomy":"product_tag","embeddable":true,"href":"https:\/\/dovanuska.lt\/en\/wp-json\/wp\/v2\/product_tag?post=20435"}],"curies":[{"name":"wp","href":"https:\/\/api.w.org\/{rel}","templated":true}]}}