{"id":19881,"date":"2025-08-26T17:02:03","date_gmt":"2025-08-26T14:02:03","guid":{"rendered":"https:\/\/dovanuska.lt\/?post_type=product&#038;p=19881"},"modified":"2026-04-21T02:39:58","modified_gmt":"2026-04-20T23:39:58","slug":"kaledinis-eglutes-ornamentas-porai-our-first-christmas","status":"publish","type":"product","link":"https:\/\/dovanuska.lt\/en\/kaledinis-eglutes-ornamentas-porai-our-first-christmas\/","title":{"rendered":"Kal\u0117dinis eglut\u0117s ornamentas porai Our First Christmas"},"content":{"rendered":"<p data-start=\"46\" data-end=\"278\">Jaukiai papuo\u0161kite savo \u0161ventin\u0119 eglut\u0119 ypatingu simboliu \u2013 mediniu ornamentu \u201eOur First Christmas\u201c. Tai i\u0161skirtin\u0117 dovana porai, \u0161ven\u010dian\u010diai pirm\u0105sias Kal\u0117das kartu.<\/p>\n<ul data-start=\"280\" data-end=\"519\">\n<li data-start=\"280\" data-end=\"306\">\n<p data-start=\"282\" data-end=\"306\"><strong data-start=\"282\" data-end=\"292\">Dydis:<\/strong> 10 x 9 cm<\/p>\n<\/li>\n<li data-start=\"307\" data-end=\"342\">\n<p data-start=\"309\" data-end=\"342\"><strong data-start=\"309\" data-end=\"322\">Med\u017eiaga:<\/strong> 3 mm ber\u017eo fanera<\/p>\n<\/li>\n<li data-start=\"343\" data-end=\"438\">\n<p data-start=\"345\" data-end=\"438\">Lengvas, nat\u016bralios medienos atspalvio, puikiai derantis prie \u012fvairi\u0173 \u0161ventini\u0173 dekoracij\u0173.<\/p>\n<\/li>\n<li data-start=\"439\" data-end=\"519\">\n<p data-start=\"441\" data-end=\"519\">Gali tapti sentimentaliu prisiminimu ir gra\u017eia dovana mylimajam ar draugams.<\/p>\n<\/li>\n<\/ul>\n<p data-start=\"521\" data-end=\"640\">\u0160is ornamentas suteiks eglutei jaukumo bei \u0161ventin\u0117s \u0161ilumos, o kartu primins ypating\u0105 pirm\u0173j\u0173 Kal\u0117d\u0173 kartu akimirk\u0105.<\/p>","protected":false},"excerpt":{"rendered":"<p>\u0160is ornamentas suteiks eglutei jaukumo bei \u0161ventin\u0117s \u0161ilumos, o kartu primins ypating\u0105 pirm\u0173j\u0173 Kal\u0117d\u0173 kartu akimirk\u0105.<\/p>","protected":false},"featured_media":19882,"comment_status":"open","ping_status":"closed","template":"","meta":[],"product_brand":[75],"product_cat":[225,176],"product_tag":[],"class_list":{"0":"post-19881","1":"product","2":"type-product","3":"status-publish","4":"has-post-thumbnail","6":"product_brand-dovanuska","7":"product_cat-kalediniai-eglutes-zaisliukai-kaledos","8":"product_cat-kalediniai-eglutes-zaisliukai","10":"first","11":"instock","12":"shipping-taxable","13":"purchasable","14":"product-type-simple"},"_links":{"self":[{"href":"https:\/\/dovanuska.lt\/en\/wp-json\/wp\/v2\/product\/19881","targetHints":{"allow":["GET"]}}],"collection":[{"href":"https:\/\/dovanuska.lt\/en\/wp-json\/wp\/v2\/product"}],"about":[{"href":"https:\/\/dovanuska.lt\/en\/wp-json\/wp\/v2\/types\/product"}],"replies":[{"embeddable":true,"href":"https:\/\/dovanuska.lt\/en\/wp-json\/wp\/v2\/comments?post=19881"}],"version-history":[{"count":0,"href":"https:\/\/dovanuska.lt\/en\/wp-json\/wp\/v2\/product\/19881\/revisions"}],"wp:featuredmedia":[{"embeddable":true,"href":"https:\/\/dovanuska.lt\/en\/wp-json\/wp\/v2\/media\/19882"}],"wp:attachment":[{"href":"https:\/\/dovanuska.lt\/en\/wp-json\/wp\/v2\/media?parent=19881"}],"wp:term":[{"taxonomy":"product_brand","embeddable":true,"href":"https:\/\/dovanuska.lt\/en\/wp-json\/wp\/v2\/product_brand?post=19881"},{"taxonomy":"product_cat","embeddable":true,"href":"https:\/\/dovanuska.lt\/en\/wp-json\/wp\/v2\/product_cat?post=19881"},{"taxonomy":"product_tag","embeddable":true,"href":"https:\/\/dovanuska.lt\/en\/wp-json\/wp\/v2\/product_tag?post=19881"}],"curies":[{"name":"wp","href":"https:\/\/api.w.org\/{rel}","templated":true}]}}