{"id":19542,"date":"2025-05-24T09:39:40","date_gmt":"2025-05-24T06:39:40","guid":{"rendered":"https:\/\/dovanuska.lt\/?post_type=product&#038;p=19542"},"modified":"2026-04-16T02:21:28","modified_gmt":"2026-04-15T23:21:28","slug":"vandens-gertuve-su-vardu-feja-500ml","status":"publish","type":"product","link":"https:\/\/dovanuska.lt\/en\/vandens-gertuve-su-vardu-feja-500ml\/","title":{"rendered":"Vandens gertuv\u0117 su vardu F\u0117ja, 500ml"},"content":{"rendered":"<p>Vandens gertuv\u0117 su vardu F\u0117ja, 500ml<\/p>\n<p>The double-walled recycled stainless steel vacuum construction keeps drinks chilled for up to 15 hours or warm for up to 5 hours. This bottle fits most standard car cup holders so you can take it with you anywhere. Made from RCS (Recycled Materials Standard) certified recycled materials. RCS certification ensures a fully certified recycled material supply chain. Total recycled content: 93 %, based on the total weight of the item. BPA-free.<\/p>\n<ul>\n<li>Engraved design<\/li>\n<li>Produkto auk\u0161tis 26 cm<\/li>\n<li>Produkto skersmuo 7 cm<\/li>\n<li>Produkto grynasis svoris 286 g<\/li>\n<li>Made from verified recycled materials<\/li>\n<li>BPA-free<\/li>\n<li>Packed in a box<\/li>\n<li>Impermeable bottle<\/li>\n<li>Vacuum bottle<\/li>\n<\/ul>\n<p>&nbsp;<\/p>\n<p>&nbsp;<\/p>","protected":false},"excerpt":{"rendered":"<p>Vandens gertuv\u0117 su vardu F\u0117ja, 500ml. Dvigubos sienel\u0117s perdirbto ner\u016bdijan\u010dio plieno vakuumin\u0117 konstrukcija i\u0161laiko g\u0117rimus at\u0161aldytus iki 15 valand\u0173 arba \u0161iltus iki 5 valand\u0173.<\/p>","protected":false},"featured_media":19551,"comment_status":"open","ping_status":"closed","template":"","meta":[],"product_brand":[75],"product_cat":[81,221,220,223,238],"product_tag":[],"class_list":{"0":"post-19542","1":"product","2":"type-product","3":"status-publish","4":"has-post-thumbnail","6":"product_brand-dovanuska","7":"product_cat-gertuves","8":"product_cat-mamai","9":"product_cat-mamos-diena","10":"product_cat-puodeliai-ir-gertuves","11":"product_cat-vaikams","13":"first","14":"instock","15":"featured","16":"shipping-taxable","17":"purchasable","18":"product-type-variable"},"_links":{"self":[{"href":"https:\/\/dovanuska.lt\/en\/wp-json\/wp\/v2\/product\/19542","targetHints":{"allow":["GET"]}}],"collection":[{"href":"https:\/\/dovanuska.lt\/en\/wp-json\/wp\/v2\/product"}],"about":[{"href":"https:\/\/dovanuska.lt\/en\/wp-json\/wp\/v2\/types\/product"}],"replies":[{"embeddable":true,"href":"https:\/\/dovanuska.lt\/en\/wp-json\/wp\/v2\/comments?post=19542"}],"version-history":[{"count":0,"href":"https:\/\/dovanuska.lt\/en\/wp-json\/wp\/v2\/product\/19542\/revisions"}],"wp:featuredmedia":[{"embeddable":true,"href":"https:\/\/dovanuska.lt\/en\/wp-json\/wp\/v2\/media\/19551"}],"wp:attachment":[{"href":"https:\/\/dovanuska.lt\/en\/wp-json\/wp\/v2\/media?parent=19542"}],"wp:term":[{"taxonomy":"product_brand","embeddable":true,"href":"https:\/\/dovanuska.lt\/en\/wp-json\/wp\/v2\/product_brand?post=19542"},{"taxonomy":"product_cat","embeddable":true,"href":"https:\/\/dovanuska.lt\/en\/wp-json\/wp\/v2\/product_cat?post=19542"},{"taxonomy":"product_tag","embeddable":true,"href":"https:\/\/dovanuska.lt\/en\/wp-json\/wp\/v2\/product_tag?post=19542"}],"curies":[{"name":"wp","href":"https:\/\/api.w.org\/{rel}","templated":true}]}}