{"id":9,"date":"2025-04-25T10:54:47","date_gmt":"2025-04-25T10:54:47","guid":{"rendered":"https:\/\/deeppink-baboon-684814.hostingersite.com\/my-account\/"},"modified":"2025-05-08T11:09:55","modified_gmt":"2025-05-08T08:09:55","slug":"mano-paskyra","status":"publish","type":"page","link":"https:\/\/dovanuska.lt\/en\/mano-paskyra\/","title":{"rendered":"Mano paskyra"},"content":{"rendered":"<div class=\"woocommerce\"><div class=\"woocommerce-notices-wrapper\"><\/div>\n<div class=\"wd-registration-page wd-register-tabs\">\n\n\n<div class=\"wd-grid-f-col\" id=\"customer_login\">\n\n\t<div class=\"wd-col col-login\">\n\n\n\t\t<h2 class=\"wd-login-title\" data-no-translation=\"\" data-trp-gettext=\"\">Login<\/h2>\n\n\t\t\t\t\t<form method=\"post\" class=\"login woocommerce-form woocommerce-form-login\" action=\"https:\/\/dovanuska.lt\/en\/mano-paskyra\/?action=login\" data-trp-original-action=\"https:\/\/dovanuska.lt\/en\/mano-paskyra\/?action=login\">\n\n\t\t\t\t\n\t\t\t\t\n\t\t\t\t<p class=\"woocommerce-FormRow woocommerce-FormRow--wide form-row form-row-wide form-row-username\">\n\t\t\t\t\t<label for=\"username\">Username or email address&nbsp;<span class=\"required\" aria-hidden=\"true\">*<\/span><span class=\"screen-reader-text\" data-no-translation=\"\" data-trp-gettext=\"\">Required<\/span><\/label>\n\t\t\t\t\t<input type=\"text\" class=\"woocommerce-Input woocommerce-Input--text input-text\" name=\"username\" id=\"username\" autocomplete=\"username\" value=\"\" \/>\t\t\t\t<\/p>\n\t\t\t\t<p class=\"woocommerce-FormRow woocommerce-FormRow--wide form-row form-row-wide form-row-password\">\n\t\t\t\t\t<label for=\"password\">Password&nbsp;<span class=\"required\" aria-hidden=\"true\">*<\/span><span class=\"screen-reader-text\" data-no-translation=\"\" data-trp-gettext=\"\">Required<\/span><\/label>\n\t\t\t\t\t<input class=\"woocommerce-Input woocommerce-Input--text input-text\" type=\"password\" name=\"password\" id=\"password\" autocomplete=\"current-password\" \/>\n\t\t\t\t<\/p>\n\n\t\t\t\t<input type=\"hidden\" id=\"wpa_initiator\" class=\"wpa_initiator\" name=\"wpa_initiator\" value=\"\" \/>\n\t\t\t\t<p class=\"form-row form-row-btn\">\n\t\t\t\t\t<input type=\"hidden\" id=\"woocommerce-login-nonce\" name=\"woocommerce-login-nonce\" value=\"7d096277be\" \/><input type=\"hidden\" name=\"_wp_http_referer\" value=\"\/en\/wp-json\/wp\/v2\/pages\/9\" \/>\t\t\t\t\t\t\t\t\t\t<button type=\"submit\" class=\"button btn btn-accent woocommerce-button woocommerce-form-login__submit\" name=\"login\" value=\"Log in\">Log in<\/button>\n\t\t\t\t<\/p>\n\n\t\t\t\t<p class=\"login-form-footer\">\n\t\t\t\t\t<a href=\"https:\/\/dovanuska.lt\/en\/mano-paskyra\/lost-password\/\" class=\"woocommerce-LostPassword lost_password\">Lost your password?<\/a>\n\t\t\t\t\t<label class=\"woocommerce-form__label woocommerce-form__label-for-checkbox woocommerce-form-login__rememberme\">\n\t\t\t\t\t\t<input class=\"woocommerce-form__input woocommerce-form__input-checkbox\" name=\"rememberme\" type=\"checkbox\" value=\"forever\" title=\"Remember me\" aria-label=\"Remember me\" \/> <span>Remember me<\/span>\n\t\t\t\t\t<\/label>\n\t\t\t\t<\/p>\n\n\t\t\t\t\n\t\t\t\t\t\t\t<input type=\"hidden\" name=\"trp-form-language\" value=\"en\"\/><\/form>\n\n\t\t\n\n\t<\/div>\n\n\t<div class=\"wd-col col-register\">\n\n\t\t<h2 class=\"wd-login-title\" data-no-translation=\"\" data-trp-gettext=\"\">Register<\/h2>\n\n\t\t\t\t<form method=\"post\" action=\"https:\/\/dovanuska.lt\/en\/mano-paskyra\/?action=register\" class=\"woocommerce-form woocommerce-form-register register\" data-trp-original-action=\"https:\/\/dovanuska.lt\/en\/mano-paskyra\/?action=register\"  >\n\t\t\n\t\t\t\t\t\n\t\t\t\t\t\n\t\t\t<p class=\"woocommerce-form-row woocommerce-form-row--wide form-row form-row-wide\">\n\t\t\t\t<label for=\"reg_email\">Email address&nbsp;<span class=\"required\" aria-hidden=\"true\">*<\/span><span class=\"screen-reader-text\" data-no-translation=\"\" data-trp-gettext=\"\">Required<\/span><\/label>\n\t\t\t\t<input type=\"email\" class=\"woocommerce-Input woocommerce-Input--text input-text\" name=\"email\" id=\"reg_email\" autocomplete=\"email\" value=\"\" \/>\t\t\t<\/p>\n\t\t\n\t\t\t\t\t\n\t\t\t\t<p data-no-translation=\"\" data-trp-gettext=\"\">A link to set a new password will be sent to your email address.<\/p>\n\t\t\n\t\t\t\t\t\n\t\t\t<div style=\"left: -999em; position: absolute;\"><label for=\"trap\" data-no-translation=\"\" data-trp-gettext=\"\">Anti-spam<\/label><input type=\"text\" name=\"email_2\" id=\"trap\" tabindex=\"-1\" \/><\/div>\n\t\t\n\t\t\t<wc-order-attribution-inputs><\/wc-order-attribution-inputs><div class=\"woocommerce-privacy-policy-text\"><p>J\u016bs\u0173 asmens duomenys bus naudojami siekiant pagerinti j\u016bs\u0173 patirt\u012f \u0161ioje svetain\u0117je, valdyti prieig\u0105 prie j\u016bs\u0173 paskyros ir kitais tikslais, apra\u0161ytais m\u016bs\u0173 <a href=\"https:\/\/dovanuska.lt\/en\/privatumo-ir-slapuku-politika\/\" class=\"woocommerce-privacy-policy-link\" target=\"_blank\" data-no-translation=\"\" data-trp-gettext=\"\">privacy policy<\/a>.<\/p>\n<\/div>\t\t\n\t\t\t<p class=\"woocommerce-form-row form-row form-row-btn\">\n\t\t\t\t<input type=\"hidden\" id=\"woocommerce-register-nonce\" name=\"woocommerce-register-nonce\" value=\"72bfcd4e02\" \/><input type=\"hidden\" name=\"_wp_http_referer\" value=\"\/en\/wp-json\/wp\/v2\/pages\/9\" \/>\t\t\t\t<button type=\"submit\" class=\"woocommerce-Button woocommerce-button btn btn-accent button\" name=\"register\" value=\"Register\" data-no-translation=\"\" data-trp-gettext=\"\" data-no-translation-value=\"\">Register<\/button>\n\t\t\t<\/p>\n\t\t\n\t\t\t\t\t\n\t\t<input type=\"hidden\" name=\"trp-form-language\" value=\"en\"\/><\/form>\n\t\t\n\t<\/div>\n\n\t\t\t<div class=\"wd-col col-register-text\">\n\n\t\t\t<p class=\"title wd-login-divider\"><span>Or<\/span><\/p>\n\n\t\t\t\n\t\t\t\t\t\t\t<h2 class=\"wd-login-title\">Registruotis<\/h2>\n\t\t\t\n\t\t\t\n\t\t\t\t\t\t\t<div class=\"registration-info\">Registruodamiesi \u0161ioje svetain\u0117je gal\u0117site pasiekti savo u\u017esakymo b\u016bsen\u0105 ir istorij\u0105. Tiesiog u\u017epildykite toliau pateiktus laukus ir mes netrukus sukursime jums nauj\u0105 paskyr\u0105. J\u016bs\u0173 pra\u0161ysime tik informacijos, b\u016btinos, kad pirkimo procesas b\u016bt\u0173 greitesnis ir lengvesnis.<\/div>\n\t\t\t\n\t\t\t\n\t\t\t<a href=\"#\" rel=\"nofollow noopener\" class=\"btn btn-default wd-switch-to-register\" data-login=\"Login\" data-login-title=\"Prisijungti\" data-reg-title=\"Registruotis\" data-register=\"Register\" data-no-translation=\"\" data-trp-gettext=\"\" data-no-translation-data-login=\"\" data-no-translation-data-register=\"\">Register<\/a>\n\n\t\t<\/div>\n\t\n<\/div>\n\n<\/div>\n\n<\/div>","protected":false},"excerpt":{"rendered":"","protected":false},"author":1,"featured_media":0,"parent":0,"menu_order":0,"comment_status":"closed","ping_status":"closed","template":"","meta":{"footnotes":""},"class_list":["post-9","page","type-page","status-publish","hentry"],"_links":{"self":[{"href":"https:\/\/dovanuska.lt\/en\/wp-json\/wp\/v2\/pages\/9","targetHints":{"allow":["GET"]}}],"collection":[{"href":"https:\/\/dovanuska.lt\/en\/wp-json\/wp\/v2\/pages"}],"about":[{"href":"https:\/\/dovanuska.lt\/en\/wp-json\/wp\/v2\/types\/page"}],"author":[{"embeddable":true,"href":"https:\/\/dovanuska.lt\/en\/wp-json\/wp\/v2\/users\/1"}],"replies":[{"embeddable":true,"href":"https:\/\/dovanuska.lt\/en\/wp-json\/wp\/v2\/comments?post=9"}],"version-history":[{"count":0,"href":"https:\/\/dovanuska.lt\/en\/wp-json\/wp\/v2\/pages\/9\/revisions"}],"wp:attachment":[{"href":"https:\/\/dovanuska.lt\/en\/wp-json\/wp\/v2\/media?parent=9"}],"curies":[{"name":"wp","href":"https:\/\/api.w.org\/{rel}","templated":true}]}}