{"id":843,"date":"2021-08-26T12:26:53","date_gmt":"2021-08-26T12:26:53","guid":{"rendered":"http:\/\/dummy.xtemos.com\/woodmart2\/elementor\/?page_id=60"},"modified":"2025-04-25T12:16:36","modified_gmt":"2025-04-25T12:16:36","slug":"pageidavimu-sarasas","status":"publish","type":"page","link":"https:\/\/dovanuska.lt\/en\/pageidavimu-sarasas\/","title":{"rendered":"Pageidavim\u0173 s\u0105ra\u0161as"},"content":{"rendered":"<div class=\"\" >\n\t\t\t\t\t\t<div class=\"wd-wishlist-content\">\n\t\t\t\t\t\t\t\t\t\n\t\t<div class=\"wd-empty-block wd-empty-wishlist\">\n\n\t\t<h2 class=\"wd-empty-block-title\">\n\t\t\tThis wishlist is empty.\t\t<\/h2>\n\n\t\t\t\t\t<p class=\"wd-empty-block-text\">\n\t\t\t\tJ\u016bs\u0173 pageidavim\u0173 s\u0105ra\u0161e dar n\u0117ra joki\u0173 produkt\u0173. Daug \u012fdomi\u0173 produkt\u0173 rasite m\u016bs\u0173 puslapyje \u201eParduotuv\u0117\u201c.\t\t\t<\/p>\n\t\t\n\t\t\n\t\t\t\t\t<a class=\"button btn btn-accent wd-empty-block-btn\" href=\"https:\/\/dovanuska.lt\/en\/prekiu-katalogas\/\">\n\t\t\t\tReturn to shop\t\t\t<\/a>\n\t\t\n\t\t\t\t\t<\/div>\n\t\t\t\t\t\t\t\t\t\t\t<\/div>\n\t\t\t\t<\/div>","protected":false},"excerpt":{"rendered":"","protected":false},"author":1,"featured_media":0,"parent":0,"menu_order":0,"comment_status":"closed","ping_status":"closed","template":"","meta":{"footnotes":""},"class_list":["post-843","page","type-page","status-publish","hentry"],"_links":{"self":[{"href":"https:\/\/dovanuska.lt\/en\/wp-json\/wp\/v2\/pages\/843","targetHints":{"allow":["GET"]}}],"collection":[{"href":"https:\/\/dovanuska.lt\/en\/wp-json\/wp\/v2\/pages"}],"about":[{"href":"https:\/\/dovanuska.lt\/en\/wp-json\/wp\/v2\/types\/page"}],"author":[{"embeddable":true,"href":"https:\/\/dovanuska.lt\/en\/wp-json\/wp\/v2\/users\/1"}],"replies":[{"embeddable":true,"href":"https:\/\/dovanuska.lt\/en\/wp-json\/wp\/v2\/comments?post=843"}],"version-history":[{"count":0,"href":"https:\/\/dovanuska.lt\/en\/wp-json\/wp\/v2\/pages\/843\/revisions"}],"wp:attachment":[{"href":"https:\/\/dovanuska.lt\/en\/wp-json\/wp\/v2\/media?parent=843"}],"curies":[{"name":"wp","href":"https:\/\/api.w.org\/{rel}","templated":true}]}}