{"id":840,"date":"2021-08-26T12:21:44","date_gmt":"2021-08-26T12:21:44","guid":{"rendered":"http:\/\/dummy.xtemos.com\/woodmart2\/elementor\/?page_id=45"},"modified":"2025-04-25T12:13:35","modified_gmt":"2025-04-25T12:13:35","slug":"palyginti","status":"publish","type":"page","link":"https:\/\/dovanuska.lt\/en\/palyginti\/","title":{"rendered":"Palyginti"},"content":{"rendered":"<div class=\"wd-empty-block wd-empty-compare\">\n\t\t\t<h2 class=\"wd-empty-block-title\">\n\t\t\t\tCompare list is empty.\t\t\t<\/h2>\n\t\t\t\t\t\t\t<p class=\"wd-empty-block-text\">\n\t\t\t\t\tPalyginimo s\u0105ra\u0161e n\u0117ra produkt\u0173. Nor\u0117dami palyginti, turite prid\u0117ti kelet\u0105 produkt\u0173. M\u016bs\u0173 \u201eParduotuv\u0117s\u201c puslapyje rasite daug \u012fdomi\u0173 produkt\u0173.\t\t\t\t<\/p>\n\t\t\t\t\t\t<a class=\"button btn btn-accent wd-empty-block-btn\" href=\"https:\/\/dovanuska.lt\/en\/prekiu-katalogas\/\">\n\t\t\t\tReturn to shop\t\t\t<\/a>\n\t\t<\/div>","protected":false},"excerpt":{"rendered":"","protected":false},"author":1,"featured_media":0,"parent":0,"menu_order":0,"comment_status":"closed","ping_status":"closed","template":"","meta":{"footnotes":""},"class_list":["post-840","page","type-page","status-publish","hentry"],"_links":{"self":[{"href":"https:\/\/dovanuska.lt\/en\/wp-json\/wp\/v2\/pages\/840","targetHints":{"allow":["GET"]}}],"collection":[{"href":"https:\/\/dovanuska.lt\/en\/wp-json\/wp\/v2\/pages"}],"about":[{"href":"https:\/\/dovanuska.lt\/en\/wp-json\/wp\/v2\/types\/page"}],"author":[{"embeddable":true,"href":"https:\/\/dovanuska.lt\/en\/wp-json\/wp\/v2\/users\/1"}],"replies":[{"embeddable":true,"href":"https:\/\/dovanuska.lt\/en\/wp-json\/wp\/v2\/comments?post=840"}],"version-history":[{"count":0,"href":"https:\/\/dovanuska.lt\/en\/wp-json\/wp\/v2\/pages\/840\/revisions"}],"wp:attachment":[{"href":"https:\/\/dovanuska.lt\/en\/wp-json\/wp\/v2\/media?parent=840"}],"curies":[{"name":"wp","href":"https:\/\/api.w.org\/{rel}","templated":true}]}}