{"id":7,"date":"2025-04-25T10:54:47","date_gmt":"2025-04-25T10:54:47","guid":{"rendered":"https:\/\/deeppink-baboon-684814.hostingersite.com\/cart\/"},"modified":"2026-01-03T16:44:40","modified_gmt":"2026-01-03T13:44:40","slug":"krepsel","status":"publish","type":"page","link":"https:\/\/dovanuska.lt\/en\/krepselis\/","title":{"rendered":"Cart"},"content":{"rendered":"<div data-block-name=\"woocommerce\/cart\" class=\"wp-block-woocommerce-cart alignwide is-loading\">\n<div data-block-name=\"woocommerce\/filled-cart-block\" class=\"wp-block-woocommerce-filled-cart-block\">\n<div data-block-name=\"woocommerce\/cart-items-block\" class=\"wp-block-woocommerce-cart-items-block\">\n<div data-block-name=\"woocommerce\/cart-line-items-block\" class=\"wp-block-woocommerce-cart-line-items-block\"><\/div>\n\n\n\n<div data-block-name=\"woocommerce\/cart-cross-sells-block\" class=\"wp-block-woocommerce-cart-cross-sells-block\">\n<h2 class=\"wp-block-heading has-large-font-size\">You might be interested in...<\/h2>\n\n\n\n<div data-block-name=\"woocommerce\/cart-cross-sells-products-block\" class=\"wp-block-woocommerce-cart-cross-sells-products-block\"><\/div>\n<\/div>\n<\/div>\n\n\n\n<div data-block-name=\"woocommerce\/cart-totals-block\" class=\"wp-block-woocommerce-cart-totals-block\">\n<div data-block-name=\"woocommerce\/cart-order-summary-block\" class=\"wp-block-woocommerce-cart-order-summary-block\">\n<div data-block-name=\"woocommerce\/cart-order-summary-heading-block\" data-content=\"Krep\u0161elio skai\u010diavimas\" class=\"wp-block-woocommerce-cart-order-summary-heading-block\"><\/div>\n\n\n\n<div data-block-name=\"woocommerce\/cart-order-summary-coupon-form-block\" class=\"wp-block-woocommerce-cart-order-summary-coupon-form-block\"><\/div>\n\n\n\n<div data-block-name=\"woocommerce\/cart-order-summary-totals-block\" class=\"wp-block-woocommerce-cart-order-summary-totals-block\">\n<div data-block-name=\"woocommerce\/cart-order-summary-subtotal-block\" class=\"wp-block-woocommerce-cart-order-summary-subtotal-block\"><\/div>\n\n\n\n<div data-block-name=\"woocommerce\/cart-order-summary-fee-block\" class=\"wp-block-woocommerce-cart-order-summary-fee-block\"><\/div>\n\n\n\n<div data-block-name=\"woocommerce\/cart-order-summary-discount-block\" class=\"wp-block-woocommerce-cart-order-summary-discount-block\"><\/div>\n\n\n\n<div data-block-name=\"woocommerce\/cart-order-summary-shipping-block\" class=\"wp-block-woocommerce-cart-order-summary-shipping-block\"><\/div>\n\n\n\n<div data-block-name=\"woocommerce\/cart-order-summary-taxes-block\" class=\"wp-block-woocommerce-cart-order-summary-taxes-block\"><\/div>\n<\/div>\n<\/div>\n\n\n\n<div data-block-name=\"woocommerce\/cart-express-payment-block\" class=\"wp-block-woocommerce-cart-express-payment-block\"><\/div>\n\n\n\n<div data-block-name=\"woocommerce\/proceed-to-checkout-block\" data-button-label=\"Apmok\u0117ti\" class=\"wp-block-woocommerce-proceed-to-checkout-block\"><\/div>\n\n\n\n<div data-block-name=\"woocommerce\/cart-accepted-payment-methods-block\" class=\"wp-block-woocommerce-cart-accepted-payment-methods-block\"><\/div>\n<\/div>\n<\/div>\n\n\n\n<div data-block-name=\"woocommerce\/empty-cart-block\" class=\"wp-block-woocommerce-empty-cart-block\">\n<h2 class=\"wp-block-heading has-text-align-center with-empty-cart-icon wc-block-cart__empty-cart__title\">Your basket is currently empty!<\/h2>\n\n\n\n<hr class=\"wp-block-separator has-alpha-channel-opacity is-style-dots\"\/>\n\n\n\n<h2 class=\"wp-block-heading has-text-align-center\">News in the shop<\/h2>\n\n\n<div data-block-name=\"woocommerce\/product-new\" data-columns=\"4\" data-rows=\"1\" class=\"wc-block-grid wp-block-product-new wp-block-woocommerce-product-new wc-block-product-new has-4-columns\"><ul class=\"wc-block-grid__products\"><li class=\"wc-block-grid__product\">\n\t\t\t\t<a href=\"https:\/\/dovanuska.lt\/en\/wobzi-personalizuotas-clicker-raktu-pakabukas-su-vardu\/\" class=\"wc-block-grid__product-link\">\n\t\t\t\t\t\n\t\t\t\t\t<div class=\"wc-block-grid__product-image\"><img loading=\"lazy\" decoding=\"async\" width=\"430\" height=\"573\" src=\"https:\/\/dovanuska.lt\/wp-content\/uploads\/2026\/04\/WOBZI-Personalizuotas-Clicker-raktu-pakabukas-su-vardu7-430x573.png\" class=\"attachment-woocommerce_thumbnail size-woocommerce_thumbnail\" alt=\"WOBZI Personalizuotas Clicker rakt\u0173 pakabukas su vardu\" srcset=\"https:\/\/dovanuska.lt\/wp-content\/uploads\/2026\/04\/WOBZI-Personalizuotas-Clicker-raktu-pakabukas-su-vardu7-430x573.png 430w, https:\/\/dovanuska.lt\/wp-content\/uploads\/2026\/04\/WOBZI-Personalizuotas-Clicker-raktu-pakabukas-su-vardu7-225x300.png 225w, https:\/\/dovanuska.lt\/wp-content\/uploads\/2026\/04\/WOBZI-Personalizuotas-Clicker-raktu-pakabukas-su-vardu7-600x800.png 600w, https:\/\/dovanuska.lt\/wp-content\/uploads\/2026\/04\/WOBZI-Personalizuotas-Clicker-raktu-pakabukas-su-vardu7-768x1024.png 768w, https:\/\/dovanuska.lt\/wp-content\/uploads\/2026\/04\/WOBZI-Personalizuotas-Clicker-raktu-pakabukas-su-vardu7-1152x1536.png 1152w, https:\/\/dovanuska.lt\/wp-content\/uploads\/2026\/04\/WOBZI-Personalizuotas-Clicker-raktu-pakabukas-su-vardu7-1536x2048.png 1536w, https:\/\/dovanuska.lt\/wp-content\/uploads\/2026\/04\/WOBZI-Personalizuotas-Clicker-raktu-pakabukas-su-vardu7-9x12.png 9w, https:\/\/dovanuska.lt\/wp-content\/uploads\/2026\/04\/WOBZI-Personalizuotas-Clicker-raktu-pakabukas-su-vardu7-700x933.png 700w, https:\/\/dovanuska.lt\/wp-content\/uploads\/2026\/04\/WOBZI-Personalizuotas-Clicker-raktu-pakabukas-su-vardu7-150x200.png 150w, https:\/\/dovanuska.lt\/wp-content\/uploads\/2026\/04\/WOBZI-Personalizuotas-Clicker-raktu-pakabukas-su-vardu7-scaled.png 1920w\" sizes=\"auto, (max-width: 430px) 100vw, 430px\" title=\"\"><\/div>\n\t\t\t\t\t<div class=\"wc-block-grid__product-title\">WOBZI Personalizuotas Clicker rakt\u0173 pakabukas su vardu<\/div>\n\t\t\t\t<\/a>\n\t\t\t\t<div class=\"wc-block-grid__product-price price\"><span class=\"woocommerce-Price-amount amount\" aria-hidden=\"true\">7,00&nbsp;<span class=\"woocommerce-Price-currencySymbol\">&euro;<\/span><\/span> <span aria-hidden=\"true\">&ndash;<\/span> <span class=\"woocommerce-Price-amount amount\" aria-hidden=\"true\">13,00&nbsp;<span class=\"woocommerce-Price-currencySymbol\">&euro;<\/span><\/span><span class=\"screen-reader-text\" data-no-translation=\"\" data-trp-gettext=\"\">Price range: 7,00&nbsp;&euro; through 13,00&nbsp;&euro;<\/span><\/div>\n\t\t\t\t\n\t\t\t\t<div class=\"wp-block-button wc-block-grid__product-add-to-cart\"><a href=\"https:\/\/dovanuska.lt\/en\/wobzi-personalizuotas-clicker-raktu-pakabukas-su-vardu\/\" aria-label=\"Select options for \u201cWOBZI Personalizuotas Clicker rakt\u0173 pakabukas su vardu\u201d\" data-quantity=\"1\" data-product_id=\"21468\" data-product_sku=\"gele\" data-price=\"7\" rel=\"nofollow\" class=\"wp-block-button__link  add_to_cart_button\" data-no-translation=\"\" data-trp-gettext=\"\" data-no-translation-aria-label=\"\">Select options<\/a><\/div>\n\t\t\t<\/li><li class=\"wc-block-grid__product\">\n\t\t\t\t<a href=\"https:\/\/dovanuska.lt\/en\/flexi-fidget-figurele-kaciukas-myliu-tave\/\" class=\"wc-block-grid__product-link\">\n\t\t\t\t\t\n\t\t\t\t\t<div class=\"wc-block-grid__product-image\"><img loading=\"lazy\" decoding=\"async\" width=\"430\" height=\"533\" src=\"https:\/\/dovanuska.lt\/wp-content\/uploads\/2026\/03\/Flexi-fidget-figurele-kaciukas-\u201eMyliu-Tave223-430x533.png\" class=\"attachment-woocommerce_thumbnail size-woocommerce_thumbnail\" alt=\"Flexi fidget fig\u016br\u0117l\u0117 ka\u010diukas \u201eMyliu Tave&quot;\" srcset=\"https:\/\/dovanuska.lt\/wp-content\/uploads\/2026\/03\/Flexi-fidget-figurele-kaciukas-\u201eMyliu-Tave223-430x533.png 430w, https:\/\/dovanuska.lt\/wp-content\/uploads\/2026\/03\/Flexi-fidget-figurele-kaciukas-\u201eMyliu-Tave223-242x300.png 242w, https:\/\/dovanuska.lt\/wp-content\/uploads\/2026\/03\/Flexi-fidget-figurele-kaciukas-\u201eMyliu-Tave223-646x800.png 646w, https:\/\/dovanuska.lt\/wp-content\/uploads\/2026\/03\/Flexi-fidget-figurele-kaciukas-\u201eMyliu-Tave223-768x951.png 768w, https:\/\/dovanuska.lt\/wp-content\/uploads\/2026\/03\/Flexi-fidget-figurele-kaciukas-\u201eMyliu-Tave223-10x12.png 10w, https:\/\/dovanuska.lt\/wp-content\/uploads\/2026\/03\/Flexi-fidget-figurele-kaciukas-\u201eMyliu-Tave223-700x867.png 700w, https:\/\/dovanuska.lt\/wp-content\/uploads\/2026\/03\/Flexi-fidget-figurele-kaciukas-\u201eMyliu-Tave223-150x186.png 150w, https:\/\/dovanuska.lt\/wp-content\/uploads\/2026\/03\/Flexi-fidget-figurele-kaciukas-\u201eMyliu-Tave223.png 900w\" sizes=\"auto, (max-width: 430px) 100vw, 430px\" title=\"\"><\/div>\n\t\t\t\t\t<div class=\"wc-block-grid__product-title\">Flexi fidget fig\u016br\u0117l\u0117 ka\u010diukas \u201eMyliu Tave&#8221;<\/div>\n\t\t\t\t<\/a>\n\t\t\t\t<div class=\"wc-block-grid__product-price price\"><span class=\"woocommerce-Price-amount amount\">7,92&nbsp;<span class=\"woocommerce-Price-currencySymbol\">\u20ac<\/span><\/span><\/div>\n\t\t\t\t\n\t\t\t\t<div class=\"wp-block-button wc-block-grid__product-add-to-cart\"><a href=\"\/en\/wp-json\/wp\/v2\/pages\/7?add-to-cart=21446\" aria-label=\"Add to cart: \u201cFlexi fidget fig\u016br\u0117l\u0117 ka\u010diukas \u201eMyliu Tave&quot;\u201d\" data-quantity=\"1\" data-product_id=\"21446\" data-product_sku=\"3D139\" data-price=\"7.92\" rel=\"nofollow\" class=\"wp-block-button__link  add_to_cart_button ajax_add_to_cart\" data-no-translation=\"\" data-trp-gettext=\"\" data-no-translation-aria-label=\"\">Add to cart<\/a><\/div>\n\t\t\t<\/li><li class=\"wc-block-grid__product\">\n\t\t\t\t<a href=\"https:\/\/dovanuska.lt\/en\/flexi-fidget-figurele-sraige-su-uzrasu-greita\/\" class=\"wc-block-grid__product-link\">\n\t\t\t\t\t\n\t\t\t\t\t<div class=\"wc-block-grid__product-image\"><img loading=\"lazy\" decoding=\"async\" width=\"430\" height=\"533\" src=\"https:\/\/dovanuska.lt\/wp-content\/uploads\/2026\/03\/WOBZI-1-430x533.png\" class=\"attachment-woocommerce_thumbnail size-woocommerce_thumbnail\" alt=\"Flexi fidget fig\u016br\u0117l\u0117 sraig\u0117 su u\u017era\u0161u \u201eGreita&quot;\" srcset=\"https:\/\/dovanuska.lt\/wp-content\/uploads\/2026\/03\/WOBZI-1-430x533.png 430w, https:\/\/dovanuska.lt\/wp-content\/uploads\/2026\/03\/WOBZI-1-242x300.png 242w, https:\/\/dovanuska.lt\/wp-content\/uploads\/2026\/03\/WOBZI-1-646x800.png 646w, https:\/\/dovanuska.lt\/wp-content\/uploads\/2026\/03\/WOBZI-1-768x951.png 768w, https:\/\/dovanuska.lt\/wp-content\/uploads\/2026\/03\/WOBZI-1-10x12.png 10w, https:\/\/dovanuska.lt\/wp-content\/uploads\/2026\/03\/WOBZI-1-700x867.png 700w, https:\/\/dovanuska.lt\/wp-content\/uploads\/2026\/03\/WOBZI-1-150x186.png 150w, https:\/\/dovanuska.lt\/wp-content\/uploads\/2026\/03\/WOBZI-1.png 900w\" sizes=\"auto, (max-width: 430px) 100vw, 430px\" title=\"\"><\/div>\n\t\t\t\t\t<div class=\"wc-block-grid__product-title\">Flexi fidget fig\u016br\u0117l\u0117 sraig\u0117 su u\u017era\u0161u \u201eGreita&#8221;<\/div>\n\t\t\t\t<\/a>\n\t\t\t\t<div class=\"wc-block-grid__product-price price\"><span class=\"woocommerce-Price-amount amount\">7,92&nbsp;<span class=\"woocommerce-Price-currencySymbol\">\u20ac<\/span><\/span><\/div>\n\t\t\t\t<div class=\"wc-block-grid__product-rating\"><div class=\"star-rating\" role=\"img\" aria-label=\"Rated 5.00 out of 5\" data-no-translation-aria-label=\"\"><span style=\"width:100%\" data-no-translation=\"\" data-trp-gettext=\"\">Rated <strong class=\"rating\">5.00<\/strong> out of 5 based on <span class=\"rating\">1<\/span> customer rating<\/span><\/div><\/div>\n\t\t\t\t<div class=\"wp-block-button wc-block-grid__product-add-to-cart\"><a href=\"\/en\/wp-json\/wp\/v2\/pages\/7?add-to-cart=21440\" aria-label=\"Add to cart: \u201cFlexi fidget fig\u016br\u0117l\u0117 sraig\u0117 su u\u017era\u0161u \u201eGreita&quot;\u201d\" data-quantity=\"1\" data-product_id=\"21440\" data-product_sku=\"3D138\" data-price=\"7.92\" rel=\"nofollow\" class=\"wp-block-button__link  add_to_cart_button ajax_add_to_cart\" data-no-translation=\"\" data-trp-gettext=\"\" data-no-translation-aria-label=\"\">Add to cart<\/a><\/div>\n\t\t\t<\/li><li class=\"wc-block-grid__product\">\n\t\t\t\t<a href=\"https:\/\/dovanuska.lt\/en\/figurele-papuga-su-uzrasu-laisvas\/\" class=\"wc-block-grid__product-link\">\n\t\t\t\t\t\n\t\t\t\t\t<div class=\"wc-block-grid__product-image\"><img loading=\"lazy\" decoding=\"async\" width=\"430\" height=\"533\" src=\"https:\/\/dovanuska.lt\/wp-content\/uploads\/2026\/03\/WOBZI-430x533.jpg\" class=\"attachment-woocommerce_thumbnail size-woocommerce_thumbnail\" alt=\"Fig\u016br\u0117l\u0117 pap\u016bga su u\u017era\u0161u \u201eLaisvas&quot;\" srcset=\"https:\/\/dovanuska.lt\/wp-content\/uploads\/2026\/03\/WOBZI-430x533.jpg 430w, https:\/\/dovanuska.lt\/wp-content\/uploads\/2026\/03\/WOBZI-242x300.jpg 242w, https:\/\/dovanuska.lt\/wp-content\/uploads\/2026\/03\/WOBZI-646x800.jpg 646w, https:\/\/dovanuska.lt\/wp-content\/uploads\/2026\/03\/WOBZI-768x951.jpg 768w, https:\/\/dovanuska.lt\/wp-content\/uploads\/2026\/03\/WOBZI-10x12.jpg 10w, https:\/\/dovanuska.lt\/wp-content\/uploads\/2026\/03\/WOBZI-700x867.jpg 700w, https:\/\/dovanuska.lt\/wp-content\/uploads\/2026\/03\/WOBZI-150x186.jpg 150w, https:\/\/dovanuska.lt\/wp-content\/uploads\/2026\/03\/WOBZI.jpg 900w\" sizes=\"auto, (max-width: 430px) 100vw, 430px\" title=\"\"><\/div>\n\t\t\t\t\t<div class=\"wc-block-grid__product-title\">Fig\u016br\u0117l\u0117 pap\u016bga su u\u017era\u0161u \u201eLaisvas&#8221;<\/div>\n\t\t\t\t<\/a>\n\t\t\t\t<div class=\"wc-block-grid__product-price price\"><span class=\"woocommerce-Price-amount amount\">7,92&nbsp;<span class=\"woocommerce-Price-currencySymbol\">\u20ac<\/span><\/span><\/div>\n\t\t\t\t\n\t\t\t\t<div class=\"wp-block-button wc-block-grid__product-add-to-cart\"><a href=\"\/en\/wp-json\/wp\/v2\/pages\/7?add-to-cart=21435\" aria-label=\"Add to cart: \u201cFig\u016br\u0117l\u0117 pap\u016bga su u\u017era\u0161u \u201eLaisvas&quot;\u201d\" data-quantity=\"1\" data-product_id=\"21435\" data-product_sku=\"3D137\" data-price=\"7.92\" rel=\"nofollow\" class=\"wp-block-button__link  add_to_cart_button ajax_add_to_cart\" data-no-translation=\"\" data-trp-gettext=\"\" data-no-translation-aria-label=\"\">Add to cart<\/a><\/div>\n\t\t\t<\/li><\/ul><\/div><\/div>\n<\/div>","protected":false},"excerpt":{"rendered":"","protected":false},"author":1,"featured_media":0,"parent":0,"menu_order":0,"comment_status":"closed","ping_status":"closed","template":"","meta":{"footnotes":""},"class_list":["post-7","page","type-page","status-publish","hentry"],"_links":{"self":[{"href":"https:\/\/dovanuska.lt\/en\/wp-json\/wp\/v2\/pages\/7","targetHints":{"allow":["GET"]}}],"collection":[{"href":"https:\/\/dovanuska.lt\/en\/wp-json\/wp\/v2\/pages"}],"about":[{"href":"https:\/\/dovanuska.lt\/en\/wp-json\/wp\/v2\/types\/page"}],"author":[{"embeddable":true,"href":"https:\/\/dovanuska.lt\/en\/wp-json\/wp\/v2\/users\/1"}],"replies":[{"embeddable":true,"href":"https:\/\/dovanuska.lt\/en\/wp-json\/wp\/v2\/comments?post=7"}],"version-history":[{"count":0,"href":"https:\/\/dovanuska.lt\/en\/wp-json\/wp\/v2\/pages\/7\/revisions"}],"wp:attachment":[{"href":"https:\/\/dovanuska.lt\/en\/wp-json\/wp\/v2\/media?parent=7"}],"curies":[{"name":"wp","href":"https:\/\/api.w.org\/{rel}","templated":true}]}}