{"id":3,"date":"2025-04-25T10:01:42","date_gmt":"2025-04-25T10:01:42","guid":{"rendered":"http:\/\/dovanuska.lt\/?page_id=3"},"modified":"2025-10-27T12:42:52","modified_gmt":"2025-10-27T09:42:52","slug":"privatumo-ir-slapuku-politika","status":"publish","type":"page","link":"https:\/\/dovanuska.lt\/en\/privatumo-ir-slapuku-politika\/","title":{"rendered":"Privacy and Cookie Policy"},"content":{"rendered":"<div data-elementor-type=\"wp-page\" data-elementor-id=\"3\" class=\"elementor elementor-3\">\n\t\t\t\t<div class=\"wd-negative-gap elementor-element elementor-element-6121ca23 e-flex e-con-boxed e-con e-parent\" data-id=\"6121ca23\" data-element_type=\"container\" data-e-type=\"container\">\n\t\t\t\t\t<div class=\"e-con-inner\">\n\t\t\t\t<div class=\"elementor-element elementor-element-d0b6bdd color-scheme-inherit text-left elementor-widget elementor-widget-text-editor\" data-id=\"d0b6bdd\" data-element_type=\"widget\" data-e-type=\"widget\" data-widget_type=\"text-editor.default\">\n\t\t\t\t<div class=\"elementor-widget-container\">\n\t\t\t\t\t\t\t\t\t<p>PRIVATUMO POLITIKA<br \/>Asmens duomen\u0173 tvarkymo taisykl\u0117s<\/p><p>Duomen\u0173 valdytojas ir svetain\u0117s www.dovanuska.lt administratorius (toliau \u2013 Duomen\u0173 valdytojas) yra UAB \u201cGro\u017eio sprendimai\u201c, \u012emon\u0117s kodas 302666121, adresas Vorutos g. 23, 14332 Vilnius (adresas skirtas tik korespondencijai), tel.: +370 672 22994, www.dovanuska.lt yra \u012fsipareigoj\u0119 saugoti J\u016bs\u0173 privatum\u0105 ir labai rimtai prisiima atsakomyb\u0119 u\u017e klient\u0173 informacijos saugum\u0105.<\/p><p>1. Bendrosios nuostatos<\/p><p>1.1. \u0160ioje Politikoje i\u0161d\u0117styta:<br \/>Kokius asmens duomenis apie Jus renkame ir apdorojame ir kiek tai yra susij\u0119 su m\u016bs\u0173 tarpusavio santykiais su Jumis kaip su klientu;<br \/>I\u0161 kur duomenis gauname;<br \/>Kaip su tais duomenimis elgiam\u0117s;<br \/>Kaip saugome duomenis;<br \/>Kam tuos duomenis perduodame \/ atskleid\u017eiame;<br \/>Kaip tvarkom\u0117s su J\u016bs\u0173 duomen\u0173 apsaugos teis\u0117mis;<br \/>Kaip laikom\u0117s duomen\u0173 apsaugos taisykli\u0173.<br \/>1.2. Visi asmens duomenys renkami ir apdorojami vadovaujantis Lietuvos Respublikos asmens duomen\u0173 teisin\u0117s apsaugos \u012fstatyme \u012ftvirtintais asmens duomen\u0173 tvarkymo reikalavimais ir kitais teis\u0117s aktais, susijusiais su asmens duomen\u0173 apsauga, nuo 2018 m. gegu\u017e\u0117s 25 d. \u2013 Bendruoju duomen\u0173 apsaugos reglamentu (2016 m. baland\u017eio 27 d. Europos Parlamento ir Tarybos reglamentas (ES) 2016\/679 d\u0117l fizini\u0173 asmen\u0173 apsaugos tvarkant asmens duomenis ir d\u0117l laisvo toki\u0173 duomen\u0173 jud\u0117jimo).<\/p><p>2. S\u0105vokos<\/p><p>Duomen\u0173 valdytojas \u2013 svetain\u0117 UAB \u201cGro\u017eio sprendimai\u201c, \u012emon\u0117s kodas 302666121, adresas Vorutos g. 23, 14332 Vilnius (adresas skirtas tik korespondencijai), tel.: +370 672 22994, www.dovanuska.lt<\/p><p>Duomen\u0173 tvarkytojas \u2013 paslaug\u0173 tiek\u0117jai, kurie teikia paslaugas (atlieka darbus) ir tvarko J\u016bs\u0173 duomenis www.dovanuska.lt, kaip duomen\u0173 valdytojo, vardu. Duomen\u0173 tvarkytojai turi teis\u0119 tvarkyti asmens duomenis tik pagal m\u016bs\u0173 nurodymus ir tik ta apimtimi, kiek tai yra b\u016btina siekiant tinkamai vykdyti sutartyje nustatytus \u012fsipareigojimus.<\/p><p>Duomen\u0173 subjektas \u2013 tai klientas \u2013 fizinis asmuo, \u012fsigij\u0119s ar u\u017esisak\u0119s preki\u0173 i\u0161 svetain\u0117s www.dovanuska.lt.<\/p><p>Asmens duomenys \u2013 bet kuri informacija, susijusi su fiziniu asmeniu \u2013 duomen\u0173 subjektu, kurio tapatyb\u0117 yra \u017einoma arba gali b\u016bti tiesiogiai ar netiesiogiai nustatyta pasinaudojant tokiais duomenimis kaip asmens kodas, vienas arba keli asmeniui b\u016bdingi fizinio, fiziologinio, psichologinio, ekonominio, kult\u016brinio ar socialinio pob\u016bd\u017eio po\u017eymiai.<\/p><p>Asmens duomen\u0173 tvarkymas \u2013 bet kuris su asmens duomenimis atliekamas veiksmas: rinkimas, u\u017era\u0161ymas, kaupimas, saugojimas, klasifikavimas, grupavimas, jungimas, keitimas (papildymas ar taisymas), teikimas, paskelbimas, naudojimas, login\u0117s ir (arba) aritmetin\u0117s operacijos, paie\u0161ka, skleidimas, naikinimas ar kitoks veiksmas arba veiksm\u0173 rinkinys.<\/p><p>Slapukai (angl. cookies) \u2013 trumpa tekstin\u0117 informacija, kuri\u0105 svetain\u0117s perduoda \u012f jose nar\u0161an\u010di\u0173 vartotoj\u0173 kompiuterius arba kitus \u012frenginius. Atsi\u017evelgiant \u012f nar\u0161ykl\u0119, \u0161i informacija laikoma arba nedideliuose atskiruose failuose, arba \u012fvairi\u0173 svetaini\u0173 \u012fra\u0161yt\u0173 slapuk\u0173 bendrajame faile. Slapukus naudoja dauguma pa\u017eangi\u0173 interneto svetaini\u0173 Lietuvoje ir u\u017esienyje. Slapukus galima perduoti tik jei yra tokia pasirinktis J\u016bs\u0173 \u012frenginio nustatymuose.<\/p><p>3. Kokius asmens duomenis renkame<\/p><p>3.1. Mes tvarkome J\u016bs\u0173 asmens duomenis, kad gal\u0117tume administruoti J\u016bs\u0173 pirkimo proces\u0105 www.dovanuska.lt elektronin\u0117je parduotuv\u0117je. Nor\u0117dami u\u017esiregistruoti svetain\u0117s www.dovanuska.lt puslapyje ir susikurti paskyr\u0105, turite b\u016btinai pateikti vard\u0105, pavard\u0119 ir elektroninio pa\u0161to adres\u0105. Norint pirkti svetain\u0117s www.dovanuska.lt elektronin\u0117je parduotuv\u0117je, privalote pateikti \u0161i\u0105 informacij\u0105:<\/p><p>Vardas;<br \/>Pavard\u0117;<br \/>El. pa\u0161to adresas;<br \/>Address<\/p><p>3.2. Nepateikus b\u016btin\u0173 asmens duomen\u0173, negal\u0117site vykdyti pirkimo proceso, o mes negal\u0117sime Jums parduoti preki\u0173 arba suteikti paslaug\u0173.<\/p><p>www.dovanuska.lt asmens duomenis gauna i\u0161 pa\u010di\u0173 duomen\u0173 subjekt\u0173. Visi \u0161ie asmens duomenys gaunami tik gavus asmens sutikim\u0105. Pirkimo proceso metu registruodamiesi svetain\u0117s www.dovanuska.lt parduotuv\u0117je, J\u016bs patvirtinate, kad J\u016bs\u0173 nurodyti asmens duomenys yra tiksl\u016bs ir teisingi, ir J\u016bs esate ne jaunesni kaip 16 met\u0173 am\u017eiaus.<\/p><p>4. Kam naudojame J\u016bs\u0173 asmens duomenis<\/p><p>4.1. J\u016bs\u0173 duomenys gali b\u016bti naudojami \u0161iais tikslais:<br \/>J\u016bs\u0173 norimiems \u012fsigyti produktams ir paslaugoms teikti.<br \/>Su Jumis susisiekti, jei pasikeist\u0173 informacija apie preki\u0173 pristatymo laik\u0105 ar kit\u0105 su J\u016bs\u0173 pateiktu u\u017esakymu susijusi\u0105 informacij\u0105. \u0160ios komunikacijos n\u0117ra skirtos rinkodaros tikslais ir j\u0173 negalima atsisakyti.<br \/>4.2. Rinkodara: kartkart\u0117mis su Jumis susisieksime, pateikdami informacijos apie preki\u0173 pasi\u016blymus ir papildomus produktus naudodamiesi el. ry\u0161io priemon\u0117mis. Taip pat preki\u0173 u\u017esakymo metu gal\u0117site nurodyti, ar norite gauti tokio pob\u016bd\u017eio prane\u0161imus. Be to, kiekvien\u0105 kart\u0105 gav\u0119 svetain\u0117s www.dovanuska.lt elektronin\u012f prane\u0161im\u0105 tur\u0117site galimyb\u0119 nurodyti, kad daugiau nebenorite gauti m\u016bs\u0173 tiesiogin\u0117s rinkodaros pasi\u016blym\u0173.<br \/>4.3. J\u016bs\u0173 asmens duomenis apdorosime tik tur\u0117dami tam teisin\u012f pagrind\u0105. Teisinis pagrindas priklausys nuo prie\u017eas\u010di\u0173, kod\u0117l rinkome J\u016bs\u0173 asmens duomenis ir kam juos naudojame.<br \/>4.4. Sutikim\u0105 duoti gali tik 16 met\u0173 am\u017eiaus ar vyresni asmenys. Jaunesniems vaikams reikalingas vaiko t\u0117v\u0173 ar teis\u0117t\u0173 glob\u0117j\u0173 sutikimas.<br \/>4.5. Apibr\u0117\u017eiant tinkam\u0105 saugojimo laikotarp\u012f, mes atsi\u017evelgiame \u012f asmens duomen\u0173 kiek\u012f, pob\u016bd\u012f ir neskelbtinum\u0105, tikslus, kuriais apdorojame J\u016bs\u0173 asmens duomenis, ir ar \u0161i\u0173 tiksl\u0173 galime pasiekti kitomis priemon\u0117mis. Be to, privalome atsi\u017evelgti \u012f laikotarpius, kuriems mums gali reik\u0117ti laikyti asmens duomenis, kad \u012fgyvendintume savo teisinius \u012fsipareigojimus (pvz., buhalteriniai dokumentai, lizingo sutartys ir kt.).<br \/>4.6. Kai J\u016bs\u0173 asmens duomen\u0173 mums nebereik\u0117s, mes juos saugiai i\u0161trinsime arba panaikinsime. Taip pat atsi\u017evelgsime \u012f tai, ar ir kaip gal\u0117tume b\u0117gant laikui maksimaliai suma\u017einti m\u016bs\u0173 naudojamus asmens duomenis ir ar galime J\u016bs\u0173 asmens duomenis paversti anonimi\u0161kais, kad jie nebeb\u016bt\u0173 siejami su Jumis ar J\u016bs\u0173 tapatybe, kuriuo atveju t\u0105 informacij\u0105 gal\u0117tume naudoti be tolesnio \u012fsp\u0117jimo.<br \/>4.7. Kiti asmens duomen\u0173 rinkimo tikslai:<br \/>Daugeliu atvej\u0173 J\u016bs\u0173 asmens duomenis tur\u0117sime apdoroti tam, kad gal\u0117tume su Jumis sudaryti preki\u0173 pirkimo \u2013 pardavimo sutart\u012f;<br \/>J\u016bs\u0173 mums pateikt\u0105 informacij\u0105 naudojame skland\u017eiam pirkimo proceso u\u017etikrinimui bei u\u017esakymo \u012fvykdymui;<br \/>J\u016bs\u0173 pateikta informacija mums padeda skland\u017eiai bendrauti su Jumis bei pateikti atsakymus \u012f J\u016bs\u0173 u\u017eduotus klausimus;<br \/>Remdamiesi J\u016bs\u0173 duomenimis, susisiekiame su Jumis, jei pamir\u0161ote savo pirkinius arba aptikome nesklandum\u0173, susijusi\u0173 su \u012fvykdytais u\u017esakymais.<br \/>Pateiktus duomenis naudojame administravimo ar teisiniais tikslais: J\u016bs\u0173 duomenis naudojame statistinei ir rinkos analizei, klient\u0173 apklausoms, aptarnavimui ir pl\u0117trai, arba siekiant i\u0161spr\u0119sti gin\u010dus ar reikalavimus.<\/p><p>5. Kaip ir kiek laiko saugome J\u016bs\u0173 duomenis<\/p><p>5.1. J\u016bs\u0173 duomen\u0173 nelaikysime ilgiau, nei tai b\u016btina tikslui, d\u0117l kurio jie apdorojami, pasiekti. Kai J\u016bs\u0173 asmens duomen\u0173 mums nebereik\u0117s, mes juos saugiai i\u0161trinsime arba panaikinsime. Taip pat atsi\u017evelgsime \u012f tai, ar ir kaip gal\u0117tume b\u0117gant laikui maksimaliai suma\u017einti m\u016bs\u0173 naudojamus asmens duomenis ir ar galime J\u016bs\u0173 asmens duomenis paversti anonimi\u0161kais, kad jie nebeb\u016bt\u0173 siejami su Jumis ar J\u016bs\u0173 tapatybe, kuriuo atveju t\u0105 informacij\u0105 gal\u0117tume naudoti be tolesnio \u012fsp\u0117jimo.<br \/>5.2. J\u016bs\u0173 asmens duomenims tvarkyti mes \u012fgyvendinome atitinkamas organizacines ir technines saugum\u0105 u\u017etikrinan\u010dias priemones, kurios padeda apsaugoti asmens duomenis nuo atsitiktinio ar neteis\u0117to sunaikinimo, pakeitimo, atskleidimo, taip pat nuo bet kokio kito neteis\u0117to tvarkymo. www.dovanuska.lt vykdoma saugumo u\u017etikrinimo veikla, taip pat apima personalo, informacijos, IT infrastrukt\u016bros, vidaus ir vie\u0161\u0173j\u0173 tinkl\u0173, taip pat biur\u0173 pastat\u0173 ir technini\u0173 \u012frengini\u0173 apsaug\u0105.<br \/>5.3. Tiesiogin\u0117s rinkodaros tikslu asmens duomenys tvarkomi 10 met\u0173 nuo sutikimo tvarkyti jo asmens duomenis gavimo momento. Kai asmens duomenys tvarkomi reklamini\u0173 akcij\u0173 (tiesiogin\u0117s rinkodaros \u017eaidim\u0173, loterij\u0173, konkurs\u0173) metu, asmens duomenys tvarkomi vienerius metus po reklamin\u0117s akcijos rezultat\u0173, laim\u0117toj\u0173 paskelbimo. Su\u0117jus duomen\u0173 tvarkymo terminui, asmens duomenys sunaikinami bendrov\u0117s \u012fgalioto darbuotojo.<br \/>5.4. Mes siekiame nesaugoti pasenusios arba nereikalingos informacijos ir u\u017etikrinti, kad asmens duomenys ir kita informacija apie klientus b\u016bt\u0173 nuolat atnaujinta ir teisinga.<\/p><p>6. Kam teikiame J\u016bs\u0173 duomenis<\/p><p>6.1. Duomen\u0173 tvarkytojams, kurie teikia mums paslaugas (atlieka darbus) ir tvarko J\u016bs\u0173 duomenis www.dovanuska.lt, kaip duomen\u0173 valdytojo, vardu. Duomen\u0173 tvarkytojai turi teis\u0119 tvarkyti asmens duomenis tik pagal m\u016bs\u0173 nurodymus ir tik ta apimtimi, kiek tai yra b\u016btina siekiant tinkamai vykdyti preki\u0173 u\u017esakyme nustatytus \u012fsipareigojimus. Pasitelkdami subrangovus, imam\u0117s vis\u0173 reikiam\u0173 priemoni\u0173, siekdami u\u017etikrinti, kad ir m\u016bs\u0173 duomen\u0173 tvarkytojai b\u016bt\u0173 \u012fgyvendin\u0119 tinkamas organizacines ir technines saugum\u0105 u\u017etikrinan\u010dias priemones bei i\u0161laikyt\u0173 asmens duomen\u0173 paslapt\u012f.<br \/>6.2. Atsakydami \u012f teismo arba valstyb\u0117s institucij\u0173 pra\u0161ymus, tik ta apimtimi, kiek tai b\u016btina siekiant tinkamai vykdyti galiojan\u010dius teis\u0117s aktus arba teismo nutart\u012f\/ liudijim\u0105.<\/p><p>7. J\u016bs\u0173 teis\u0117s<\/p><p>7.1. J\u016bs turite teis\u0119:<br \/>\u017einoti (b\u016bti informuotas) apie savo duomen\u0173 tvarkym\u0105 (teis\u0117 \u017einoti)<br \/>susipa\u017einti su savo duomenimis ir kaip jie yra tvarkomi (teis\u0117 susipa\u017einti)<br \/>reikalauti i\u0161taisyti arba, atsi\u017evelgiant \u012f asmens duomen\u0173 tvarkymo tikslus, papildyti asmens nei\u0161samius asmens duomenis (teis\u0117 i\u0161taisyti)<br \/>savo duomenis sunaikinti arba sustabdyti savo duomen\u0173 tvarkymo veiksmus (i\u0161skyrus saugojim\u0105) (teis\u0117 sunaikinti ir teis\u0117 \u201eb\u016bti pamir\u0161tam\u201c)<br \/>reikalauti, kad asmens Duomen\u0173 valdytojas apribot\u0173 asmens duomen\u0173 tvarkym\u0105 esant vienai i\u0161 teis\u0117t\u0173 prie\u017eas\u010di\u0173 (teis\u0117 apriboti) teis\u0119 nesutikti, kad b\u016bt\u0173 tvarkomi jo asmens duomenys ar bet kada at\u0161aukti savo sutikim\u0105 tvarkyti asmens duomenis, kad asmens duomenys b\u016bt\u0173 tvarkomi vienu ar keliais konkre\u010diais tikslais, nedarant poveikio sutikimu grind\u017eiamo duomen\u0173 tvarkymo iki sutikimo at\u0161aukimo teis\u0117tumui.<br \/>7.2. Klientas, nor\u0117damas pateikti u\u017eklaus\u0105 d\u0117l apie j\u012f sukauptus ir naudojamus asmens duomenis turi teis\u0119 gauti tik pateik\u0119s u\u017eklaus\u0105 ra\u0161tu. Bendrov\u0117, gavusi duomen\u0173 subjekto paklausim\u0105 d\u0117l jo asmens duomen\u0173 tvarkymo, privalo atsakyti, ar su juo susij\u0119 asmens duomenys yra tvarkomi, ir pateikti duomen\u0173 subjektui pra\u0161omus duomenis ne v\u0117liau kaip per 30 kalendorini\u0173 dien\u0173 nuo duomen\u0173 subjekto kreipimosi dienos. Duomen\u0173 subjekto pra\u0161ymu tokie duomenys turi b\u016bti pateikiami ra\u0161tu.<\/p><p>8. Slapuk\u0173 naudojimas<\/p><p>8.1. Siekdami pagerinti J\u016bs\u0173 patirt\u012f lankantis svetain\u0117s www.dovanuska.lt svetain\u0117je, naudojame slapukus (angl. cookies) \u2013 nedideles tekstin\u0117s informacijos daleles, kurios automati\u0161kai sukuriamos nar\u0161ant svetain\u0117je ir yra saugomos J\u016bs\u0173 kompiuteryje ar kitame galiniame \u012frenginyje. Slapuk\u0173 surinkta informacija leid\u017eia mums u\u017etikrinti J\u016bs\u0173 galimyb\u0119 nar\u0161yti patogiau, teikti Jums patrauklius pasi\u016blymus bei daugiau su\u017einoti apie m\u016bs\u0173 svetain\u0117s naudotoj\u0173 elges\u012f, analizuoti tendencijas ir tobulinti tiek svetain\u0119, tiek J\u016bs\u0173 aptarnavim\u0105<br \/>8.2. J\u016bs galite pasirinkti, ar norite priimti slapukus. Jeigu nesutinkate, kad \u012f J\u016bs\u0173 kompiuter\u012f ar \u012f kit\u0105 galin\u012f \u012frengin\u012f b\u016bt\u0173 \u012fra\u0161omi slapukai, galite pakeisti savo interneto nar\u0161ykl\u0117s nustatymus ir i\u0161jungti visus slapukus arba \u012fjungti \/ i\u0161jungti juos po vien\u0105. Ta\u010diau atkreipiame d\u0117mes\u012f, kad kai kuriais atvejais tai gali sul\u0117tinti nar\u0161ymo internete spart\u0105, apriboti tam tikr\u0173 interneto svetaini\u0173 funkcij\u0173 veikim\u0105 arba blokuoti prieig\u0105 prie svetain\u0117s. Daugiau informacijos apie slapukus ir kaip juos blokuoti rasite interneto svetain\u0117je\u00a0<a href=\"http:\/\/www.allaboutcookies.org\/\" target=\"_blank\" rel=\"noopener nofollow\" data-saferedirecturl=\"https:\/\/www.google.com\/url?q=http:\/\/www.allaboutcookies.org&amp;source=gmail&amp;ust=1693570686371000&amp;usg=AOvVaw1ZvQgg2T4wO1YfaTeNXaUd\">http:\/\/www.allaboutcookies.org<\/a><br \/>8.3. Informacij\u0105, surinkt\u0105 naudojant slapukus, paprastai naudojame \u0161iais tikslais:<br \/>Funkcini\u0173 slapuk\u0173 naudojimui ir paslaug\u0173 teikimui. Slapukai yra labai svarb\u016bs m\u016bs\u0173 interneto svetain\u0117s ir elektronini\u0173 paslaug\u0173 veikimui, ir jie u\u017etikrina skland\u017ei\u0105 naudojimosi jomis patirt\u012f vartotojui. Pavyzd\u017eiui, jei vartotojas to pageidauja, jam nereikia kiekvien\u0105 kart\u0105 jungiantis \u012fvesti savo vardo, pavard\u0117s, slapta\u017eod\u017eio ar kit\u0173 duomen\u0173.<br \/>Paslaug\u0173 pl\u0117trai. Steb\u0117dami slapuk\u0173 naudojim\u0105, galime gerinti m\u016bs\u0173 interneto svetain\u0117s ir elektronini\u0173 paslaug\u0173 veikim\u0105. Mes gauname informacij\u0105, pavyzd\u017eiui, apie tai, kurios m\u016bs\u0173 interneto svetain\u0117s dalys yra populiariausios, i\u0161 kuri\u0173 interneto svetaini\u0173 jie jungiasi prie m\u016bs\u0173 svetain\u0117s ir kiek laiko vartotojai praleid\u017eia m\u016bs\u0173 svetain\u0117je.<br \/>Naudojimo analizei. Mes naudojame slapukus statistini\u0173 duomen\u0173 apie m\u016bs\u0173 interneto svetain\u0117se apsilankiusi\u0173 vartotoj\u0173 skai\u010di\u0173 ir naudojim\u0105si elektronin\u0117mis paslaugomis kaupimui ir reklamos efektyvumo \u012fvertinimui. Mes galime rinkti informacij\u0105, pavyzd\u017eiui, i\u0161 rinkodaros tikslais siun\u010diam\u0173 el. lai\u0161k\u0173 ir naujienlai\u0161ki\u0173, siekdami i\u0161siai\u0161kinti, ar el. lai\u0161kai buvo atidaryti ir ar jie paskatino vartotojus atlikti kokius nors veiksmus, pavyzd\u017eiui, ar vartotojas paspaud\u0117 el. lai\u0161ke pateikt\u0105 nuorod\u0105 \u012f m\u016bs\u0173 interneto svetain\u0119.<br \/>Tiksliniam rinkodaros orientavimui. Naudodami slapukus mes taip pat galime rinkti informacij\u0105 tam, kad teiktume tam tikrai nar\u0161yklei skirt\u0105 reklam\u0105 ar turin\u012f, sukuriant skirtingas tikslines grupes.<br \/>8.4 Asmeniniai kliento duomenys slapuk\u0173 pagalba n\u0117ra kaupiami.<\/p><p>9. Nuostat\u0173 keitimas<\/p><p>9.1. Duomen\u0173 valdytojas turi teis\u0119 savaranki\u0161kai i\u0161 dalies arba visi\u0161kai pakeisti Nuostatus apie tai prane\u0161damas svetain\u0117s www.dovanuska.lt interneto parduotuv\u0117je. Nuostat\u0173 papildymai arba pakeitimai \u012fsigalioja nuo j\u0173 paskelbimo interneto parduotuv\u0117je svetain\u0117s www.dovanuska.lt momento.<br \/>9.2. Jei po Nuostat\u0173 pakeitim\u0173 Pirk\u0117jas toliau naudojasi interneto parduotuv\u0117s teikiamomis paslaugomis, laikoma, kad Pirk\u0117jas sutinka su nauj\u0105ja Nuostat\u0173 redakcija.<br \/>9.3. Jeigu Pirk\u0117jas gali ra\u0161tu atsisakyti su nauja Nuostat\u0173 redakcija, pateikdamas ra\u0161ti\u0161k\u0105 prie\u0161taravim\u0105.<\/p><p>10. Baigiamosios nuostatos<\/p><p>10.1. Duomen\u0173 valdytojas ir pirk\u0117jas, b\u016bdamas asmens duomen\u0173 subjektu, savo bendradarbiavim\u0105 grind\u017eia s\u0105\u017einingumo ir teis\u0117tumo principais.<br \/>10.2. Visi prane\u0161imai, susij\u0119 su asmens duomen\u0173 tvarkymu, Duomen\u0173 valdytojui yra pateikiami elektroniniu pa\u0161tu info@dovanuska.lt. Duomen\u0173 valdytojas, gav\u0119s Pirk\u0117jo u\u017eklausim\u0105, atsakym\u0105 pateikia Pirk\u0117jo nurodytu elektroniniu pa\u0161tu.<br \/>10.3. Jeigu Jums kelia susir\u016bpinim\u0105 svetain\u0117s www.dovanuska.lt veiksmai\/neveikimas, kuriais galimai nesilaikoma \u0161io privatumo prane\u0161imo arba teis\u0117s akt\u0173 reikalavim\u0173, galite kreiptis \u012f mus bet kuriuo Jums patogiu b\u016bdu: el. pa\u0161tu info@dovanuska.lt arba telefonu +37067222994.<\/p>\t\t\t\t\t\t\t\t<\/div>\n\t\t\t\t<\/div>\n\t\t\t\t\t<\/div>\n\t\t\t\t<\/div>\n\t\t\t\t<\/div>","protected":false},"excerpt":{"rendered":"<p>PRIVATUMO POLITIKAAsmens duomen\u0173 tvarkymo taisykl\u0117s Duomen\u0173 valdytojas ir svetain\u0117s www.dovanuska.lt administratorius (toliau \u2013 Duomen\u0173 valdytojas) yra UAB \u201cGro\u017eio sprendimai\u201c, \u012emon\u0117s<\/p>","protected":false},"author":1,"featured_media":0,"parent":0,"menu_order":0,"comment_status":"closed","ping_status":"closed","template":"","meta":{"footnotes":""},"class_list":["post-3","page","type-page","status-publish","hentry"],"_links":{"self":[{"href":"https:\/\/dovanuska.lt\/en\/wp-json\/wp\/v2\/pages\/3","targetHints":{"allow":["GET"]}}],"collection":[{"href":"https:\/\/dovanuska.lt\/en\/wp-json\/wp\/v2\/pages"}],"about":[{"href":"https:\/\/dovanuska.lt\/en\/wp-json\/wp\/v2\/types\/page"}],"author":[{"embeddable":true,"href":"https:\/\/dovanuska.lt\/en\/wp-json\/wp\/v2\/users\/1"}],"replies":[{"embeddable":true,"href":"https:\/\/dovanuska.lt\/en\/wp-json\/wp\/v2\/comments?post=3"}],"version-history":[{"count":0,"href":"https:\/\/dovanuska.lt\/en\/wp-json\/wp\/v2\/pages\/3\/revisions"}],"wp:attachment":[{"href":"https:\/\/dovanuska.lt\/en\/wp-json\/wp\/v2\/media?parent=3"}],"curies":[{"name":"wp","href":"https:\/\/api.w.org\/{rel}","templated":true}]}}