{"id":10,"date":"2025-04-25T12:15:42","date_gmt":"2025-04-25T12:15:42","guid":{"rendered":"https:\/\/deeppink-baboon-684814.hostingersite.com\/?page_id=10"},"modified":"2025-04-27T12:46:38","modified_gmt":"2025-04-27T12:46:38","slug":"prekiu-apmokejimas-pristatymas-ir-grazinimas","status":"publish","type":"page","link":"https:\/\/dovanuska.lt\/en\/prekiu-apmokejimas-pristatymas-ir-grazinimas\/","title":{"rendered":"Payment, delivery and return of goods"},"content":{"rendered":"<div data-elementor-type=\"wp-page\" data-elementor-id=\"10\" class=\"elementor elementor-10\">\n\t\t\t\t<div class=\"wd-negative-gap elementor-element elementor-element-763cf6 e-flex e-con-boxed e-con e-parent\" data-id=\"763cf6\" data-element_type=\"container\" data-e-type=\"container\">\n\t\t\t\t\t<div class=\"e-con-inner\">\n\t\t\t\t<div class=\"elementor-element elementor-element-18b0a46d color-scheme-inherit text-left elementor-widget elementor-widget-text-editor\" data-id=\"18b0a46d\" data-element_type=\"widget\" data-e-type=\"widget\" data-widget_type=\"text-editor.default\">\n\t\t\t\t<div class=\"elementor-widget-container\">\n\t\t\t\t\t\t\t\t\t<h1 class=\"entry-title title\">Preki\u0173 apmok\u0117jimas<\/h1><p><strong>Paysera<\/strong>\u00a0\u012fmok\u0173 surinkimas \u2013 J\u016bs\u0173 patogumui visi mok\u0117jimo b\u016bdai.<\/p><p>Tai patogus ir pirk\u0117jams jau pa\u017e\u012fstamas \u012fmok\u0173 surinkimo internetu b\u016bdas, leid\u017eiantis priimti mok\u0117jimus \u012fvairiose \u0161alyse ir \u012fvairiomis valiutomis \u2013 tiek kortel\u0117mis, tiek per e. bankininkyst\u0119, bei kitais populiariais atsiskaitymo b\u016bdais.<\/p><h1 class=\"entry-title title\">Preki\u0173 pristatymas<\/h1><p>VISUS U\u017dSAKYMUS NEMOKAMAI (JEI PREKI\u0172 SUMA VIR\u0160 50 EUR) PRISTATOME VISOJE LIETUVOJE (per 2-4 d.d.) SAVO TRANSPORTU ARBA KURJERI\u0172 PAGALBA (PRISTATYMO B\u016aD\u0104 GALITE PASIRINKTI U\u017dSAKYMO FORMAVIMO METU).<\/p><h1 class=\"entry-title title\">Preki\u0173 gr\u0105\u017einimas<\/h1><p>NORINT GR\u0104\u017dINTI NETIKUSIAS PREKES, PIRMIAUSIA TURITE KREIPTIS \u012e M\u016aS\u0172 KLIENT\u0172 APTARNAVIMO SKYRI\u0172:<br \/>EL.PA\u0160TU: INFO@DOVANUSKA.LT ARBA TELEFONU: +37067222994, I-V 10-17 val.<\/p><p>PREKI\u0172 GR\u0104\u017dINIMAS IR KEITIMAS.<\/p><p>1.1. NOR\u0116DAMAS GR\u0104\u017dINTI PREK\u0118(-ES), PIRK\u0116JAS GALI TAI PADARYTI PER 14 (KETURIOLIKA) DIEN\u0172 NUO PREKI\u0172 PRISTATYMO PIRK\u0116JUI DIENOS, INFORMUODAMAS PARDAV\u0116J\u0104 KONTAKT\u0172 SKYRIUJE NURODYTOMIS SUSISIEKIMO PRIEMON\u0116MIS, NURODANT GR\u0104\u017dINAMOS PREK\u0116S PAVADINIM\u0104, U\u017dSAKYMO NUMER\u012e IR GR\u0104\u017dINIMO PRIE\u017dASTIS.<br \/>1.2. PIRK\u0116JUI GR\u0104\u017dINANT PREKES B\u016aTINA LAIKYTIS \u0160I\u0172 S\u0104LYG\u0172:<br \/>1.2.1. GR\u0104\u017dINAMA PREK\u0116 TURI B\u016aTI ORIGINALIOJE TVARKINGOJE PAKUOT\u0116JE;<br \/>1.2.2. PREK\u0116 TURI B\u016aTI PIRK\u0116JO NESUGADINTA;<br \/>1.2.3. PREK\u0116 TURI B\u016aTI NENAUDOTA, NEPRARADUSI PREKIN\u0116S I\u0160VAIZDOS (NEPA\u017dEISTOS ETIKET\u0116S, NENUPL\u0116\u0160TOS APSAUGIN\u0116S PL\u0116VEL\u0116S IR KT.);<br \/>1.2.4. GR\u0104\u017dINAMA PREK\u0116 TURI B\u016aTI TOS PA\u010cIOS KOMPLEKTACIJOS, KOKIOS PIRK\u0116JAS J\u0104 GAVO.<br \/>1.3. PARDAV\u0116JAS TURI TEIS\u0118 NEPRIIMTI PIRK\u0116JO GR\u0104\u017dINAM\u0172 PREKI\u0172, JEI PIRK\u0116JAS NESILAIKO 1.2. STRAIPSNYJE NUSTATYTOS PREKI\u0172 GR\u0104\u017dINIMO TVARKOS.<br \/>1.4. GR\u0104\u017dINANT GAUT\u0104 NE T\u0104 PREK\u0118 IR\/AR NEKOKYBI\u0160K\u0104 PREK\u0118, PARDAV\u0116JAS \u012eSIPAREIGOJA PRIIMTI TOKIAS PREKES IR JAS PAKEISTI ANALOGI\u0160KOMIS TINKAMOMIS PREK\u0116MIS.<br \/>1.5. TUO ATVEJU, KAI PARDAV\u0116JAS NETURI PAKEITIMUI TINKAM\u0172 PREKI\u0172, PIRK\u0116JUI GR\u0104\u017dINAMA U\u017d PREKES SUMOK\u0116TA PINIG\u0172 SUMA.<\/p><p><strong>D\u0116MESIO!<\/strong>\u00a0Pirk\u0117jas negali gr\u0105\u017einti preki\u0173, kurios buvo u\u017esakytos ir\/ar pagamintos arba gaminamos pagal individual\u0173 Pirk\u0117jo u\u017esakym\u0105, specialius Pirk\u0117jo nurodymus arba yra akivaizd\u017eiai pritaikytos individualiems Pirk\u0117jo poreikiams ir kurios n\u0117ra i\u0161 anksto pagamintos bei kitais Lietuvos Respublikos \u012fstatymuose numatytais atvejais.<\/p><p><strong>D\u0116MESIO!<\/strong>\u00a0NEMOKAMAS GR\u0104\u017dINIMAS TAIKOMAS TIK NEKOKYBI\u0160KOMS PREK\u0116MS. KOKYBI\u0160KAS PREKES (PAVYZD\u017dIUI, NORIMA GR\u0104\u017dINTI BE PRIE\u017dASTIES, AR TOD\u0116L, KAD PREK\u0116 NEBEPATINKA, ARBA D\u0116L NETINKAMO DYD\u017dIO IR PAN.) KLIENTAS GR\u0104\u017dINA SAVO L\u0116\u0160OMIS.<br \/>MES GR\u0104\u017dINSIME JUMS VISUS PINIGUS PER 2-10 DARBO DIENAS NUO GR\u0104\u017dINTOS PREK\u0116S GAVIMO DIENOS. PRA\u0160OME ATKREIPTI D\u0116MES\u012e, KAD PINIGAI GR\u0104\u017dINAMI TIK \u012e KLIENTO BANKO S\u0104SKAIT\u0104 PAVEDIMU.<\/p>\t\t\t\t\t\t\t\t<\/div>\n\t\t\t\t<\/div>\n\t\t\t\t\t<\/div>\n\t\t\t\t<\/div>\n\t\t\t\t<\/div>","protected":false},"excerpt":{"rendered":"<p>Preki\u0173 apmok\u0117jimas Paysera\u00a0\u012fmok\u0173 surinkimas \u2013 J\u016bs\u0173 patogumui visi mok\u0117jimo b\u016bdai. Tai patogus ir pirk\u0117jams jau pa\u017e\u012fstamas \u012fmok\u0173 surinkimo internetu b\u016bdas,<\/p>","protected":false},"author":1,"featured_media":0,"parent":0,"menu_order":0,"comment_status":"closed","ping_status":"closed","template":"","meta":{"footnotes":""},"class_list":["post-10","page","type-page","status-publish","hentry"],"_links":{"self":[{"href":"https:\/\/dovanuska.lt\/en\/wp-json\/wp\/v2\/pages\/10","targetHints":{"allow":["GET"]}}],"collection":[{"href":"https:\/\/dovanuska.lt\/en\/wp-json\/wp\/v2\/pages"}],"about":[{"href":"https:\/\/dovanuska.lt\/en\/wp-json\/wp\/v2\/types\/page"}],"author":[{"embeddable":true,"href":"https:\/\/dovanuska.lt\/en\/wp-json\/wp\/v2\/users\/1"}],"replies":[{"embeddable":true,"href":"https:\/\/dovanuska.lt\/en\/wp-json\/wp\/v2\/comments?post=10"}],"version-history":[{"count":0,"href":"https:\/\/dovanuska.lt\/en\/wp-json\/wp\/v2\/pages\/10\/revisions"}],"wp:attachment":[{"href":"https:\/\/dovanuska.lt\/en\/wp-json\/wp\/v2\/media?parent=10"}],"curies":[{"name":"wp","href":"https:\/\/api.w.org\/{rel}","templated":true}]}}